{"id":183,"date":"2020-10-14T15:45:51","date_gmt":"2020-10-14T13:45:51","guid":{"rendered":"https:\/\/relaunch.ponten-weber.de\/?page_id=183"},"modified":"2020-12-19T14:04:13","modified_gmt":"2020-12-19T13:04:13","slug":"mediendienste-webdesign","status":"publish","type":"page","link":"https:\/\/ponten-weber.de\/?page_id=183","title":{"rendered":"Gestaltung von Internetauftritten"},"content":{"rendered":"\n<h4 class=\"wp-block-heading\">Webdesign ist f\u00fcr uns, wie alles begann.<\/h4>\n\n\n\n<p>Die Frage,&nbsp;<em>&#8222;kannst Du mal eine Internetseite f\u00fcr XY machen&#8220;<\/em>&nbsp;stand am Anfang unserer Firmengeschichte. Wir freuen uns, wenn wir diese Frage heute auch noch gestellt bekommen und haben \u00fcbergreifend in den vergangenen \u00fcber 20 Jahren sicherlich gemeinsam weit \u00fcber 60 Projekte f\u00fcr Privatpersonen, Unternehmen, Vereine und Verb\u00e4nde durchgef\u00fchrt.<\/p>\n\n\n\n<p>Dabei bieten wir heute gerne den kompletten Service an, der n\u00f6tig ist, Sie vollst\u00e4ndig &#8222;ins Internet zu bringen&#8220;. Das hei\u00dft von der Betreuung und Erstellung Ihrer Internetseite, der Erstellung oder Bereitstellung von Bildmaterial bis zu Ihren Auftritten in den sozialen Medien hin, stehen wir Ihnen gerne zur Verf\u00fcgung. Wir sind auch f\u00fcr Sie da, wenn Sie vielleicht von einem Logo und einer Handvoll Fotos abgesehen gar nichts haben. <br><br>Zu unserem Leistungsumfang geh\u00f6rt:<\/p>\n\n\n\n<ul><li>Indivuelle Webseitengestaltung pauschal oder nach Aufwand<\/li><li><a href=\"https:\/\/ponten-weber.de\/?page_id=37\" data-type=\"page\" data-id=\"37\">Datenbankprogrammierung<\/a>, z.B. f\u00fcr Vereins- und Verbandsdatenbanken, Mitglieder\u00fcbersichten, Filial\u00fcbersichten, Einbettung und Nutzung dritter Dienste, wie Google Maps und \u00e4hnliches<\/li><li>Gestaltung einer &#8222;Visitenkarte&#8220; im Internet (beinhaltet einfache Farb- und Formgebung und kurze redaktionelle Inhalte, wie Anschrift, \u00d6ffnungszeiten, Firmenprofil, Herstellerverweise und Logos nach Vorgabe, Definierung von Metatags zur Auffindbarkeit durch Suchmaschinen.<\/li><li>redaktionelle Erstellung, Bearbeitung und Pflege Ihrer Inhalte<\/li><li><a href=\"https:\/\/ponten-weber.de\/?page_id=187\" data-type=\"page\" data-id=\"187\">Videoaufnahmen, Fotografie<\/a>, <a href=\"https:\/\/ponten-weber.de\/?page_id=189\" data-type=\"page\" data-id=\"189\">inklusive Luftbildaufnahmen<\/a>, durch uns oder durch bundesweit t\u00e4tige Partner<\/li><li>Bildbearbeitung durch uns oder durch bundesweit t\u00e4tige Partner<\/li><li>Einbindung von Bildmaterial aus eigenen Archiven oder von Drittanbietern (&#8222;Stockphotos&#8220;) zur Illustration Ihrer Internetseite<ul><li>\u00fcber 130.000 Fotos<\/li><li>\u00fcber 400 GB Videomaterial<\/li><\/ul><\/li><li>Social-Media Paket: \u00dcbereinstimmend mit Ihrer Internetseite setzen wir f\u00fcr Sie eine passende Seite\/ einen Account bei Social Media Diensteanbietern auf, dies beinhaltet (soweit vom Diensteanbieter zugelassen) farbliche Abstimmung und Einbringung Ihres Logos, Einstellung grundlegender Informationen, wie \u00d6ffnungszeiten und Kontaktdaten<\/li><li>Angebot f\u00fcr monatliche oder quartalsweise Pflege Ihres Angebotes, f\u00fcr das Einstellen wiederkehrender Angebote, Saisonangebote, besonderen Aktionen, Hinweise auf Veranstaltungen, Jubil\u00e4en und \u00e4hnliches<\/li><li>und viele individuelle Leistungen&#8230;<\/li><\/ul>\n\n\n\n<h4 class=\"wp-block-heading\">Das kann doch jeder&#8230;<\/h4>\n\n\n\n<div class=\"wp-block-image\"><figure class=\"alignright size-large\"><img loading=\"lazy\" decoding=\"async\" width=\"300\" height=\"300\" src=\"https:\/\/ponten-weber.de\/wp-content\/uploads\/2020\/12\/boy_webdesign.png\" alt=\"\" class=\"wp-image-591\" srcset=\"https:\/\/ponten-weber.de\/wp-content\/uploads\/2020\/12\/boy_webdesign.png 300w, https:\/\/ponten-weber.de\/wp-content\/uploads\/2020\/12\/boy_webdesign-100x100.png 100w, https:\/\/ponten-weber.de\/wp-content\/uploads\/2020\/12\/boy_webdesign-150x150.png 150w\" sizes=\"(max-width: 300px) 100vw, 300px\" \/><\/figure><\/div>\n\n\n\n<p>Auch uns ist klar, dass &#8222;Webdesign&#8220; heute noch mehr, als vor 10 oder 15 Jahren ein Verdr\u00e4ngungsmarkt ist, es gibt immer jemanden, der irgendetwas preiswerter anbieten kann und inzwischen gibt es unbestritten sogar einige, wirklich brauchbare Hilfsmittel, um mit einem bisschen Fachwissen selber einen passablen Internetauftritt zu erstellen. Jeder soll das machen, was am besten zu ihm, seinem Unternehmen, seinem Projekt und seinem Budget passt, auch wir haben das Rad nicht erfunden&#8230; \u2014 aber wir sind immer gerne bereit zu einem Gespr\u00e4ch, um Ihr Projekt erfolgreich werden zu lassen, fragen kostet nichts!<\/p>\n\n\n\n<p>Auf Anfrage nennen wir Ihnen gerne <a href=\"https:\/\/ponten-weber.de\/?cat=6\" data-type=\"URL\" data-id=\"https:\/\/ponten-weber.de\/?cat=6\">Referenzen<\/a> und stellen den Kontakt zu entsprechenden Projektkunden her.<\/p>\n<div class=\"shariff\"><ul class=\"shariff-buttons theme-default orientation-horizontal buttonsize-medium\"><li class=\"shariff-button mastodon shariff-nocustomcolor\" style=\"background-color:#563ACC\"><a href=\"https:\/\/s2f.kytta.dev\/?text=Gestaltung%20von%20Internetauftritten https%3A%2F%2Fponten-weber.de%2F%3Fpage_id%3D183\" title=\"Bei Mastodon teilen\" aria-label=\"Bei Mastodon teilen\" role=\"button\" rel=\"noopener nofollow\" class=\"shariff-link\" style=\"; background-color:#6364FF; color:#fff\" target=\"_blank\"><span class=\"shariff-icon\" style=\"\"><svg width=\"75\" height=\"79\" viewBox=\"0 0 75 79\" fill=\"none\" xmlns=\"http:\/\/www.w3.org\/2000\/svg\"><path d=\"M37.813-.025C32.462-.058 27.114.13 21.79.598c-8.544.621-17.214 5.58-20.203 13.931C-1.12 23.318.408 32.622.465 41.65c.375 7.316.943 14.78 3.392 21.73 4.365 9.465 14.781 14.537 24.782 15.385 7.64.698 15.761-.213 22.517-4.026a54.1 54.1 0 0 0 .01-6.232c-6.855 1.316-14.101 2.609-21.049 1.074-3.883-.88-6.876-4.237-7.25-8.215-1.53-3.988 3.78-.43 5.584-.883 9.048 1.224 18.282.776 27.303-.462 7.044-.837 14.26-4.788 16.65-11.833 2.263-6.135 1.215-12.79 1.698-19.177.06-3.84.09-7.692-.262-11.52C72.596 7.844 63.223.981 53.834.684a219.453 219.453 0 0 0-16.022-.71zm11.294 12.882c5.5-.067 10.801 4.143 11.67 9.653.338 1.48.471 3 .471 4.515v21.088h-8.357c-.07-7.588.153-15.182-.131-22.765-.587-4.368-7.04-5.747-9.672-2.397-2.422 3.04-1.47 7.155-1.67 10.735v6.392h-8.307c-.146-4.996.359-10.045-.404-15.002-1.108-4.218-7.809-5.565-10.094-1.666-1.685 3.046-.712 6.634-.976 9.936v14.767h-8.354c.109-8.165-.238-16.344.215-24.5.674-5.346 5.095-10.389 10.676-10.627 4.902-.739 10.103 2.038 12.053 6.631.375 1.435 1.76 1.932 1.994.084 1.844-3.704 5.501-6.739 9.785-6.771.367-.044.735-.068 1.101-.073z\"\/><defs><linearGradient id=\"paint0_linear_549_34\" x1=\"37.0692\" y1=\"0\" x2=\"37.0692\" y2=\"79\" gradientUnits=\"userSpaceOnUse\"><stop stop-color=\"#6364FF\"\/><stop offset=\"1\" stop-color=\"#563ACC\"\/><\/linearGradient><\/defs><\/svg><\/span><span class=\"shariff-text\">teilen<\/span>&nbsp;<\/a><\/li><li class=\"shariff-button facebook shariff-nocustomcolor\" style=\"background-color:#4273c8\"><a href=\"https:\/\/www.facebook.com\/sharer\/sharer.php?u=https%3A%2F%2Fponten-weber.de%2F%3Fpage_id%3D183\" title=\"Bei Facebook teilen\" aria-label=\"Bei Facebook teilen\" role=\"button\" rel=\"nofollow\" class=\"shariff-link\" style=\"; background-color:#3b5998; color:#fff\" target=\"_blank\"><span class=\"shariff-icon\" style=\"\"><svg width=\"32px\" height=\"20px\" xmlns=\"http:\/\/www.w3.org\/2000\/svg\" viewBox=\"0 0 18 32\"><path fill=\"#3b5998\" d=\"M17.1 0.2v4.7h-2.8q-1.5 0-2.1 0.6t-0.5 1.9v3.4h5.2l-0.7 5.3h-4.5v13.6h-5.5v-13.6h-4.5v-5.3h4.5v-3.9q0-3.3 1.9-5.2t5-1.8q2.6 0 4.1 0.2z\"\/><\/svg><\/span><span class=\"shariff-text\">teilen<\/span>&nbsp;<\/a><\/li><li class=\"shariff-button linkedin shariff-nocustomcolor\" style=\"background-color:#1488bf\"><a href=\"https:\/\/www.linkedin.com\/sharing\/share-offsite\/?url=https%3A%2F%2Fponten-weber.de%2F%3Fpage_id%3D183\" title=\"Bei LinkedIn teilen\" aria-label=\"Bei LinkedIn teilen\" role=\"button\" rel=\"noopener nofollow\" class=\"shariff-link\" style=\"; background-color:#0077b5; color:#fff\" target=\"_blank\"><span class=\"shariff-icon\" style=\"\"><svg width=\"32px\" height=\"20px\" xmlns=\"http:\/\/www.w3.org\/2000\/svg\" viewBox=\"0 0 27 32\"><path fill=\"#0077b5\" d=\"M6.2 11.2v17.7h-5.9v-17.7h5.9zM6.6 5.7q0 1.3-0.9 2.2t-2.4 0.9h0q-1.5 0-2.4-0.9t-0.9-2.2 0.9-2.2 2.4-0.9 2.4 0.9 0.9 2.2zM27.4 18.7v10.1h-5.9v-9.5q0-1.9-0.7-2.9t-2.3-1.1q-1.1 0-1.9 0.6t-1.2 1.5q-0.2 0.5-0.2 1.4v9.9h-5.9q0-7.1 0-11.6t0-5.3l0-0.9h5.9v2.6h0q0.4-0.6 0.7-1t1-0.9 1.6-0.8 2-0.3q3 0 4.9 2t1.9 6z\"\/><\/svg><\/span><span class=\"shariff-text\">teilen<\/span>&nbsp;<\/a><\/li><li class=\"shariff-button info shariff-nocustomcolor\" style=\"background-color:#eee\"><a href=\"http:\/\/ct.de\/-2467514\" title=\"Weitere Informationen\" aria-label=\"Weitere Informationen\" role=\"button\" rel=\"noopener \" class=\"shariff-link\" style=\"; background-color:#fff; color:#fff\" target=\"_blank\"><span class=\"shariff-icon\" style=\"\"><svg width=\"32px\" height=\"20px\" xmlns=\"http:\/\/www.w3.org\/2000\/svg\" viewBox=\"0 0 11 32\"><path fill=\"#999\" d=\"M11.4 24v2.3q0 0.5-0.3 0.8t-0.8 0.4h-9.1q-0.5 0-0.8-0.4t-0.4-0.8v-2.3q0-0.5 0.4-0.8t0.8-0.4h1.1v-6.8h-1.1q-0.5 0-0.8-0.4t-0.4-0.8v-2.3q0-0.5 0.4-0.8t0.8-0.4h6.8q0.5 0 0.8 0.4t0.4 0.8v10.3h1.1q0.5 0 0.8 0.4t0.3 0.8zM9.2 3.4v3.4q0 0.5-0.4 0.8t-0.8 0.4h-4.6q-0.4 0-0.8-0.4t-0.4-0.8v-3.4q0-0.4 0.4-0.8t0.8-0.4h4.6q0.5 0 0.8 0.4t0.4 0.8z\"\/><\/svg><\/span><\/a><\/li><\/ul><\/div>","protected":false},"excerpt":{"rendered":"<p>Webdesign ist f\u00fcr uns, wie alles begann. Die Frage,&nbsp;&#8222;kannst Du mal eine Internetseite f\u00fcr XY machen&#8220;&nbsp;stand am Anfang unserer Firmengeschichte.[&#8230;]<\/p>\n","protected":false},"author":1,"featured_media":369,"parent":0,"menu_order":0,"comment_status":"closed","ping_status":"closed","template":"","meta":{"footnotes":""},"_links":{"self":[{"href":"https:\/\/ponten-weber.de\/index.php?rest_route=\/wp\/v2\/pages\/183"}],"collection":[{"href":"https:\/\/ponten-weber.de\/index.php?rest_route=\/wp\/v2\/pages"}],"about":[{"href":"https:\/\/ponten-weber.de\/index.php?rest_route=\/wp\/v2\/types\/page"}],"author":[{"embeddable":true,"href":"https:\/\/ponten-weber.de\/index.php?rest_route=\/wp\/v2\/users\/1"}],"replies":[{"embeddable":true,"href":"https:\/\/ponten-weber.de\/index.php?rest_route=%2Fwp%2Fv2%2Fcomments&post=183"}],"version-history":[{"count":6,"href":"https:\/\/ponten-weber.de\/index.php?rest_route=\/wp\/v2\/pages\/183\/revisions"}],"predecessor-version":[{"id":592,"href":"https:\/\/ponten-weber.de\/index.php?rest_route=\/wp\/v2\/pages\/183\/revisions\/592"}],"wp:featuredmedia":[{"embeddable":true,"href":"https:\/\/ponten-weber.de\/index.php?rest_route=\/wp\/v2\/media\/369"}],"wp:attachment":[{"href":"https:\/\/ponten-weber.de\/index.php?rest_route=%2Fwp%2Fv2%2Fmedia&parent=183"}],"curies":[{"name":"wp","href":"https:\/\/api.w.org\/{rel}","templated":true}]}}