{"id":184,"date":"2020-10-14T15:45:51","date_gmt":"2020-10-14T13:45:51","guid":{"rendered":"https:\/\/relaunch.ponten-weber.de\/?page_id=184"},"modified":"2020-12-19T13:58:31","modified_gmt":"2020-12-19T12:58:31","slug":"mediendienste-webhosting","status":"publish","type":"page","link":"https:\/\/ponten-weber.de\/?page_id=184","title":{"rendered":"Hosting von Web, E-Mail und Datenbankanwendungen"},"content":{"rendered":"\n<p>Wo Office-L\u00f6sungen und neue Medienangebote sind, da ist auch oft Hosting nicht weit. Selbstverst\u00e4ndlich k\u00f6nnen Sie bei uns Speicherplatz f\u00fcr Webseiten, E-Mails, Datenbanken, Applikationen, Telefoniel\u00f6sungen und vieles mehr erhalten.<br><br>Unser Leistungsumfang:<\/p>\n\n\n\n<ul><li>Technische Bereitstellung von Domains, d.h. Internetseitenadressen, wie ponten-weber.de<ul><li>Alle g\u00e4ngigen&nbsp;<a rel=\"noreferrer noopener\" href=\"https:\/\/de.wikipedia.org\/wiki\/Top-Level-Domain\" target=\"_blank\">&#8222;Top Level Domains&#8220;<\/a>&nbsp;erh\u00e4ltlich<\/li><li>das heisst sowohl l\u00e4nderspezifische (ccTLD), wie .DE\/ .CH\/ .AT<\/li><li>als auch generische (uTLD und sTLD), wie .COM\/ .NET\/ .ORG\/ .IMMO usw.<\/li><\/ul><\/li><\/ul>\n\n\n\n<p>In den vergangenen Jahren hat die Anzahl der M\u00f6glichkeiten bei Top Level Domains stark zugenommen. Viele Branchen haben eigene Endungungen bekommen, das Angebot mancher geografischer TLD wird &#8222;zweckentfremdet&#8220;. Sprechen Sie uns einfach an und wir finden eine passende Adresse f\u00fcr Ihren Projektnamen oder Ihre Branche.<\/p>\n\n\n\n<div class=\"wp-block-image\"><figure class=\"alignright size-large is-resized\"><img loading=\"lazy\" decoding=\"async\" src=\"https:\/\/ponten-weber.de\/wp-content\/uploads\/2020\/12\/Fotolia_4599034_S.jpg\" alt=\"\" class=\"wp-image-581\" width=\"347\" height=\"347\" srcset=\"https:\/\/ponten-weber.de\/wp-content\/uploads\/2020\/12\/Fotolia_4599034_S.jpg 693w, https:\/\/ponten-weber.de\/wp-content\/uploads\/2020\/12\/Fotolia_4599034_S-300x300.jpg 300w, https:\/\/ponten-weber.de\/wp-content\/uploads\/2020\/12\/Fotolia_4599034_S-100x100.jpg 100w, https:\/\/ponten-weber.de\/wp-content\/uploads\/2020\/12\/Fotolia_4599034_S-600x600.jpg 600w, https:\/\/ponten-weber.de\/wp-content\/uploads\/2020\/12\/Fotolia_4599034_S-150x150.jpg 150w\" sizes=\"(max-width: 347px) 100vw, 347px\" \/><\/figure><\/div>\n\n\n\n<ul id=\"block-4093cb12-0571-4ccb-a18f-a4bb3a26fc06\"><li>Standard-Webhosting-Paket, umfasst:<ul><li>1 GB Webspace (PHP 5, SSI, Perl \/ CGI f\u00e4hig)<\/li><li>unbegr. Traffic<\/li><li>1 x MySQL 5 Datenbank<\/li><li>10 x Subdomains<\/li><li>10 x Email &#8211; Postf\u00e4cher<\/li><li>50 x Email &#8211; Adressen<\/li><li>50 x Email &#8211; Weiterleitungen<\/li><li>Webmail Oberfl\u00e4che<\/li><li>Webstatistiken mit Webalizer f\u00fcr Ihren Account<\/li><\/ul><\/li><li>Bereitstellung dedizierter Server f\u00fcr gro\u00dfen Speicherplatz, geschwindigkeitsrelevante Angebote oder geschlossene (private) Cloud-Umgebungen<\/li><li>Bereitstellung eigener Service in gesicherten Bereichen professioneller Rechenzentren mit zeitgem\u00e4\u00dfer Anbindungsbandbreite, georedundante Datenverf\u00fcgbarkeit<\/li><li>Einbindung von Cloud-Service-L\u00f6sungen wie Microsoft Azure, AWS oder GCP.<\/li><li>Besondere Services, Mengen, Zusammenstellungen sind auf Anfrage m\u00f6glich<\/li><\/ul>\n\n\n\n<p>Wir arbeiten daf\u00fcr ausschlie\u00dflich mit Unternehmen zusammen, die Ihre Leistungen im kontinentalen Bereich der Europ\u00e4ischen Union (Deutschland, Frankreich, Niederlande) erbringen k\u00f6nnen. Die Speicherorte entsprechend daher den Anforderungen nach der DSGVO. Auf Wunsch k\u00f6nnen wir Ihnen besondere Redundanzl\u00f6sungen (Georedundanz) und damit nochmals besonders erh\u00f6hte Ausfallsicherheit f\u00fcr Ihre Dienste anbieten.<\/p>\n\n\n\n<p>Geplante Wartungsarbeiten und auch weniger geplante technische Probleme lassen sich bei keinem Anbieter ausschliessen, am ehesten erfahren Sie dar\u00fcber bei uns durch&nbsp;<a href=\"http:\/\/www.twitter.com\/PontenWeber\">Twitter<\/a> oder in <a href=\"https:\/\/ponten-weber.de\/?cat=3\" data-type=\"URL\" data-id=\"https:\/\/ponten-weber.de\/?cat=3\">unseren Kundeninformationen<\/a>.<\/p>\n<div class=\"shariff\"><ul class=\"shariff-buttons theme-default orientation-horizontal buttonsize-medium\"><li class=\"shariff-button mastodon shariff-nocustomcolor\" style=\"background-color:#563ACC\"><a href=\"https:\/\/s2f.kytta.dev\/?text=Hosting%20von%20Web%2C%20E-Mail%20und%20Datenbankanwendungen https%3A%2F%2Fponten-weber.de%2F%3Fpage_id%3D184\" title=\"Bei Mastodon teilen\" aria-label=\"Bei Mastodon teilen\" role=\"button\" rel=\"noopener nofollow\" class=\"shariff-link\" style=\"; background-color:#6364FF; color:#fff\" target=\"_blank\"><span class=\"shariff-icon\" style=\"\"><svg width=\"75\" height=\"79\" viewBox=\"0 0 75 79\" fill=\"none\" xmlns=\"http:\/\/www.w3.org\/2000\/svg\"><path d=\"M37.813-.025C32.462-.058 27.114.13 21.79.598c-8.544.621-17.214 5.58-20.203 13.931C-1.12 23.318.408 32.622.465 41.65c.375 7.316.943 14.78 3.392 21.73 4.365 9.465 14.781 14.537 24.782 15.385 7.64.698 15.761-.213 22.517-4.026a54.1 54.1 0 0 0 .01-6.232c-6.855 1.316-14.101 2.609-21.049 1.074-3.883-.88-6.876-4.237-7.25-8.215-1.53-3.988 3.78-.43 5.584-.883 9.048 1.224 18.282.776 27.303-.462 7.044-.837 14.26-4.788 16.65-11.833 2.263-6.135 1.215-12.79 1.698-19.177.06-3.84.09-7.692-.262-11.52C72.596 7.844 63.223.981 53.834.684a219.453 219.453 0 0 0-16.022-.71zm11.294 12.882c5.5-.067 10.801 4.143 11.67 9.653.338 1.48.471 3 .471 4.515v21.088h-8.357c-.07-7.588.153-15.182-.131-22.765-.587-4.368-7.04-5.747-9.672-2.397-2.422 3.04-1.47 7.155-1.67 10.735v6.392h-8.307c-.146-4.996.359-10.045-.404-15.002-1.108-4.218-7.809-5.565-10.094-1.666-1.685 3.046-.712 6.634-.976 9.936v14.767h-8.354c.109-8.165-.238-16.344.215-24.5.674-5.346 5.095-10.389 10.676-10.627 4.902-.739 10.103 2.038 12.053 6.631.375 1.435 1.76 1.932 1.994.084 1.844-3.704 5.501-6.739 9.785-6.771.367-.044.735-.068 1.101-.073z\"\/><defs><linearGradient id=\"paint0_linear_549_34\" x1=\"37.0692\" y1=\"0\" x2=\"37.0692\" y2=\"79\" gradientUnits=\"userSpaceOnUse\"><stop stop-color=\"#6364FF\"\/><stop offset=\"1\" stop-color=\"#563ACC\"\/><\/linearGradient><\/defs><\/svg><\/span><span class=\"shariff-text\">teilen<\/span>&nbsp;<\/a><\/li><li class=\"shariff-button facebook shariff-nocustomcolor\" style=\"background-color:#4273c8\"><a href=\"https:\/\/www.facebook.com\/sharer\/sharer.php?u=https%3A%2F%2Fponten-weber.de%2F%3Fpage_id%3D184\" title=\"Bei Facebook teilen\" aria-label=\"Bei Facebook teilen\" role=\"button\" rel=\"nofollow\" class=\"shariff-link\" style=\"; background-color:#3b5998; color:#fff\" target=\"_blank\"><span class=\"shariff-icon\" style=\"\"><svg width=\"32px\" height=\"20px\" xmlns=\"http:\/\/www.w3.org\/2000\/svg\" viewBox=\"0 0 18 32\"><path fill=\"#3b5998\" d=\"M17.1 0.2v4.7h-2.8q-1.5 0-2.1 0.6t-0.5 1.9v3.4h5.2l-0.7 5.3h-4.5v13.6h-5.5v-13.6h-4.5v-5.3h4.5v-3.9q0-3.3 1.9-5.2t5-1.8q2.6 0 4.1 0.2z\"\/><\/svg><\/span><span class=\"shariff-text\">teilen<\/span>&nbsp;<\/a><\/li><li class=\"shariff-button linkedin shariff-nocustomcolor\" style=\"background-color:#1488bf\"><a href=\"https:\/\/www.linkedin.com\/sharing\/share-offsite\/?url=https%3A%2F%2Fponten-weber.de%2F%3Fpage_id%3D184\" title=\"Bei LinkedIn teilen\" aria-label=\"Bei LinkedIn teilen\" role=\"button\" rel=\"noopener nofollow\" class=\"shariff-link\" style=\"; background-color:#0077b5; color:#fff\" target=\"_blank\"><span class=\"shariff-icon\" style=\"\"><svg width=\"32px\" height=\"20px\" xmlns=\"http:\/\/www.w3.org\/2000\/svg\" viewBox=\"0 0 27 32\"><path fill=\"#0077b5\" d=\"M6.2 11.2v17.7h-5.9v-17.7h5.9zM6.6 5.7q0 1.3-0.9 2.2t-2.4 0.9h0q-1.5 0-2.4-0.9t-0.9-2.2 0.9-2.2 2.4-0.9 2.4 0.9 0.9 2.2zM27.4 18.7v10.1h-5.9v-9.5q0-1.9-0.7-2.9t-2.3-1.1q-1.1 0-1.9 0.6t-1.2 1.5q-0.2 0.5-0.2 1.4v9.9h-5.9q0-7.1 0-11.6t0-5.3l0-0.9h5.9v2.6h0q0.4-0.6 0.7-1t1-0.9 1.6-0.8 2-0.3q3 0 4.9 2t1.9 6z\"\/><\/svg><\/span><span class=\"shariff-text\">teilen<\/span>&nbsp;<\/a><\/li><li class=\"shariff-button info shariff-nocustomcolor\" style=\"background-color:#eee\"><a href=\"http:\/\/ct.de\/-2467514\" title=\"Weitere Informationen\" aria-label=\"Weitere Informationen\" role=\"button\" rel=\"noopener \" class=\"shariff-link\" style=\"; background-color:#fff; color:#fff\" target=\"_blank\"><span class=\"shariff-icon\" style=\"\"><svg width=\"32px\" height=\"20px\" xmlns=\"http:\/\/www.w3.org\/2000\/svg\" viewBox=\"0 0 11 32\"><path fill=\"#999\" d=\"M11.4 24v2.3q0 0.5-0.3 0.8t-0.8 0.4h-9.1q-0.5 0-0.8-0.4t-0.4-0.8v-2.3q0-0.5 0.4-0.8t0.8-0.4h1.1v-6.8h-1.1q-0.5 0-0.8-0.4t-0.4-0.8v-2.3q0-0.5 0.4-0.8t0.8-0.4h6.8q0.5 0 0.8 0.4t0.4 0.8v10.3h1.1q0.5 0 0.8 0.4t0.3 0.8zM9.2 3.4v3.4q0 0.5-0.4 0.8t-0.8 0.4h-4.6q-0.4 0-0.8-0.4t-0.4-0.8v-3.4q0-0.4 0.4-0.8t0.8-0.4h4.6q0.5 0 0.8 0.4t0.4 0.8z\"\/><\/svg><\/span><\/a><\/li><\/ul><\/div>","protected":false},"excerpt":{"rendered":"<p>Wo Office-L\u00f6sungen und neue Medienangebote sind, da ist auch oft Hosting nicht weit. Selbstverst\u00e4ndlich k\u00f6nnen Sie bei uns Speicherplatz f\u00fcr[&#8230;]<\/p>\n","protected":false},"author":1,"featured_media":357,"parent":0,"menu_order":0,"comment_status":"closed","ping_status":"closed","template":"","meta":{"footnotes":""},"_links":{"self":[{"href":"https:\/\/ponten-weber.de\/index.php?rest_route=\/wp\/v2\/pages\/184"}],"collection":[{"href":"https:\/\/ponten-weber.de\/index.php?rest_route=\/wp\/v2\/pages"}],"about":[{"href":"https:\/\/ponten-weber.de\/index.php?rest_route=\/wp\/v2\/types\/page"}],"author":[{"embeddable":true,"href":"https:\/\/ponten-weber.de\/index.php?rest_route=\/wp\/v2\/users\/1"}],"replies":[{"embeddable":true,"href":"https:\/\/ponten-weber.de\/index.php?rest_route=%2Fwp%2Fv2%2Fcomments&post=184"}],"version-history":[{"count":7,"href":"https:\/\/ponten-weber.de\/index.php?rest_route=\/wp\/v2\/pages\/184\/revisions"}],"predecessor-version":[{"id":584,"href":"https:\/\/ponten-weber.de\/index.php?rest_route=\/wp\/v2\/pages\/184\/revisions\/584"}],"wp:featuredmedia":[{"embeddable":true,"href":"https:\/\/ponten-weber.de\/index.php?rest_route=\/wp\/v2\/media\/357"}],"wp:attachment":[{"href":"https:\/\/ponten-weber.de\/index.php?rest_route=%2Fwp%2Fv2%2Fmedia&parent=184"}],"curies":[{"name":"wp","href":"https:\/\/api.w.org\/{rel}","templated":true}]}}