{"id":187,"date":"2020-10-14T15:45:51","date_gmt":"2020-10-14T13:45:51","guid":{"rendered":"https:\/\/relaunch.ponten-weber.de\/?page_id=187"},"modified":"2020-12-19T14:02:18","modified_gmt":"2020-12-19T13:02:18","slug":"imagefilme-und-videokampagnen","status":"publish","type":"page","link":"https:\/\/ponten-weber.de\/?page_id=187","title":{"rendered":"Imagefilme und Videopr\u00e4sentationen"},"content":{"rendered":"\n<p>Erg\u00e4nzend oder in Kombination mit unserem Angebot f\u00fcr Luftbildaufnahmen\/ Drohnenfl\u00fcge produzieren wir Imagefilme oder Videopr\u00e4sentationen f\u00fcr Sie, Ihr Unternehmen, Ihren Verein, Ihr Produkt.<\/p>\n\n\n\n<div class=\"wp-block-columns is-layout-flex wp-container-core-columns-layout-1 wp-block-columns-is-layout-flex\">\n<div class=\"wp-block-column is-layout-flow wp-block-column-is-layout-flow\">\n<ul><li><strong>Werbeaufnahmen Ihres Firmengel\u00e4ndes oder Fuhrparks<\/strong>&nbsp;(f\u00fcr Unternehmen)<\/li><li><strong>Aufnahmen f\u00fcr Neubauprojekte<\/strong>&nbsp;als Werbefilme zu Marketingszwecken (bspw. f\u00fcr Bautr\u00e4ger, Investoren, Architekten)<\/li><li><strong>Imagefilme f\u00fcr touristische Werbung<\/strong> oder Stadtmarketing von Kommunen (f\u00fcr Kommunen, Agenturen, Reiseveranstalter)<\/li><\/ul>\n<\/div>\n\n\n\n<div class=\"wp-block-column is-layout-flow wp-block-column-is-layout-flow\">\n<ul><li><strong>Videopr\u00e4sentationen von neuen Produkten<\/strong> (f\u00fcr Unternehmen)<\/li><li><strong>Aufnahmen Ihres Vereinsgel\u00e4ndes, Stadions oder Sportplatzes<\/strong>&nbsp;(f\u00fcr Vereine)<\/li><li><strong>Veranstaltungsaufnahmen bei Festen, Firmenfeiern, sportlichen Wettbewerben<\/strong>&nbsp;(f\u00fcr Vereine, Verb\u00e4nde, Unternehmen und Organisationen)<\/li><\/ul>\n<\/div>\n<\/div>\n\n\n\n<p>Wir produzieren mit Technik von Canon, R\u00f8de Microphones, Samsung, DJI, Velbon, Manfrotto, nVidia, Adobe, Apple und mit Material von Shutterstock, Pixabay, Adobe und aus eigenen Archiven in Full HD oder Ultra HD. Je nach Bedarf, steht dabei ein komplettes EB-Team (mit journalistischer Unterst\u00fctzung) zur Verf\u00fcgung.<\/p>\n\n\n\n<h4 class=\"has-text-align-left wp-block-heading\">Live-\u00dcbertragungen\/ Aufzeichnungen\/ Broadcasting<\/h4>\n\n\n\n<div class=\"wp-block-image\"><figure class=\"alignright size-large is-resized\"><img loading=\"lazy\" decoding=\"async\" src=\"https:\/\/ponten-weber.de\/wp-content\/uploads\/2020\/10\/Bild-von-Peggy-und-Marco-Lachmann-Anke-auf-Pixabay-Video-Kamera-camera-1816351-1-1024x1024.jpg\" alt=\"\" class=\"wp-image-417\" width=\"256\" height=\"256\" srcset=\"https:\/\/ponten-weber.de\/wp-content\/uploads\/2020\/10\/Bild-von-Peggy-und-Marco-Lachmann-Anke-auf-Pixabay-Video-Kamera-camera-1816351-1-1024x1024.jpg 1024w, https:\/\/ponten-weber.de\/wp-content\/uploads\/2020\/10\/Bild-von-Peggy-und-Marco-Lachmann-Anke-auf-Pixabay-Video-Kamera-camera-1816351-1-300x300.jpg 300w, https:\/\/ponten-weber.de\/wp-content\/uploads\/2020\/10\/Bild-von-Peggy-und-Marco-Lachmann-Anke-auf-Pixabay-Video-Kamera-camera-1816351-1-scaled-100x100.jpg 100w, https:\/\/ponten-weber.de\/wp-content\/uploads\/2020\/10\/Bild-von-Peggy-und-Marco-Lachmann-Anke-auf-Pixabay-Video-Kamera-camera-1816351-1-scaled-600x600.jpg 600w, https:\/\/ponten-weber.de\/wp-content\/uploads\/2020\/10\/Bild-von-Peggy-und-Marco-Lachmann-Anke-auf-Pixabay-Video-Kamera-camera-1816351-1-150x150.jpg 150w, https:\/\/ponten-weber.de\/wp-content\/uploads\/2020\/10\/Bild-von-Peggy-und-Marco-Lachmann-Anke-auf-Pixabay-Video-Kamera-camera-1816351-1-768x768.jpg 768w, https:\/\/ponten-weber.de\/wp-content\/uploads\/2020\/10\/Bild-von-Peggy-und-Marco-Lachmann-Anke-auf-Pixabay-Video-Kamera-camera-1816351-1-1536x1536.jpg 1536w, https:\/\/ponten-weber.de\/wp-content\/uploads\/2020\/10\/Bild-von-Peggy-und-Marco-Lachmann-Anke-auf-Pixabay-Video-Kamera-camera-1816351-1-2048x2048.jpg 2048w\" sizes=\"(max-width: 256px) 100vw, 256px\" \/><\/figure><\/div>\n\n\n\n<p>\u00dcber Ausspielungskan\u00e4le, wie Microsoft Teams Live Events oder YouTube Live, haben wir die M\u00f6glichkeit mehrere Feeds mit Regiesteuerung f\u00fcr sie zu produzieren und aufzuzeichnen oder zu \u00fcbertragen.<\/p>\n\n\n\n<p>\u00dcber Partnerunternehmen stehen bei Bedarf auch gro\u00dfe SNG Einheiten\/ MP zur Verf\u00fcgung, die Ihnen professionelle Produktionen in Film- und Fernsehqualit\u00e4t zur Direktausspielung im Live-TV erm\u00f6glichen.<\/p>\n","protected":false},"excerpt":{"rendered":"<p>Erg\u00e4nzend oder in Kombination mit unserem Angebot f\u00fcr Luftbildaufnahmen\/ Drohnenfl\u00fcge produzieren wir Imagefilme oder Videopr\u00e4sentationen f\u00fcr Sie, Ihr Unternehmen, Ihren[&#8230;]<\/p>\n","protected":false},"author":1,"featured_media":381,"parent":0,"menu_order":0,"comment_status":"closed","ping_status":"closed","template":"","meta":{"footnotes":""},"_links":{"self":[{"href":"https:\/\/ponten-weber.de\/index.php?rest_route=\/wp\/v2\/pages\/187"}],"collection":[{"href":"https:\/\/ponten-weber.de\/index.php?rest_route=\/wp\/v2\/pages"}],"about":[{"href":"https:\/\/ponten-weber.de\/index.php?rest_route=\/wp\/v2\/types\/page"}],"author":[{"embeddable":true,"href":"https:\/\/ponten-weber.de\/index.php?rest_route=\/wp\/v2\/users\/1"}],"replies":[{"embeddable":true,"href":"https:\/\/ponten-weber.de\/index.php?rest_route=%2Fwp%2Fv2%2Fcomments&post=187"}],"version-history":[{"count":9,"href":"https:\/\/ponten-weber.de\/index.php?rest_route=\/wp\/v2\/pages\/187\/revisions"}],"predecessor-version":[{"id":587,"href":"https:\/\/ponten-weber.de\/index.php?rest_route=\/wp\/v2\/pages\/187\/revisions\/587"}],"wp:featuredmedia":[{"embeddable":true,"href":"https:\/\/ponten-weber.de\/index.php?rest_route=\/wp\/v2\/media\/381"}],"wp:attachment":[{"href":"https:\/\/ponten-weber.de\/index.php?rest_route=%2Fwp%2Fv2%2Fmedia&parent=187"}],"curies":[{"name":"wp","href":"https:\/\/api.w.org\/{rel}","templated":true}]}}