{"id":189,"date":"2020-10-14T15:45:52","date_gmt":"2020-10-14T13:45:52","guid":{"rendered":"https:\/\/relaunch.ponten-weber.de\/?page_id=189"},"modified":"2020-12-19T14:03:17","modified_gmt":"2020-12-19T13:03:17","slug":"luftaufnahmen-drohnenaufnahmen","status":"publish","type":"page","link":"https:\/\/ponten-weber.de\/?page_id=189","title":{"rendered":"Luftbildaufnahmen\/ Drohnenfl\u00fcge"},"content":{"rendered":"\n<p>Mit einer hochmodernen DJI Drohne f\u00fchren wir professionelle Luftbildaufnahmen f\u00fcr gewerbliche und private Zwecke aus. Mit einem 1\/2-Zoll-Bildsensor k\u00f6nnen wir 48 Megapixel Fotos und 4K Videos bei 60 fps produzieren. Automatisiert unterst\u00fctzt werden dabei HDR-Foto, -Video und -Panorama-Aufnahmen oder Objektverfolgungen.<\/p>\n\n\n\n<h4 class=\"wp-block-heading\">Vielf\u00e4ltige Einsatzm\u00f6glichkeiten<\/h4>\n\n\n\n<div class=\"wp-block-columns is-layout-flex wp-container-core-columns-layout-1 wp-block-columns-is-layout-flex\">\n<div class=\"wp-block-column is-layout-flow wp-block-column-is-layout-flow\">\n<ul><li><strong>Begutachtung von Baustellen f\u00fcr Handwerker <\/strong>(bspw. Maler, Dachdecker, Schornsteinfeger)<\/li><li><strong>\u00dcbersichtsaufnahmen f\u00fcr Neubauprojekte<\/strong> (bspw. f\u00fcr Bautr\u00e4ger, Investoren, Architekten)<\/li><li><strong>\u00dcbersichtsaufnahmen von komplizierten Stra\u00dfenverl\u00e4ufen, Beobachtung von Verkehrsstr\u00f6men<\/strong> (bspw. f\u00fcr Architekten, Sachverst\u00e4ndige, Beh\u00f6rden)<\/li><li><strong>Werbeaufnahmen Ihres Firmengel\u00e4ndes oder Fuhrparks<\/strong> (f\u00fcr alle Unternehmen)<\/li><li><strong>Produktion von Film- und Fotomaterial f\u00fcr Imagefilme\/ Werbefilme f\u00fcr Ihre Kampagne<\/strong> (f\u00fcr alle Vereine, Verb\u00e4nde, Unternehmen und Organisationen)<\/li><\/ul>\n\n\n\n<p><\/p>\n<\/div>\n\n\n\n<div class=\"wp-block-column is-layout-flow wp-block-column-is-layout-flow\">\n<ul><li><strong>Aufnahmen Ihres Vereinsgel\u00e4ndes, Stadions oder Sportplatzes<\/strong> (f\u00fcr alle Sportvereine)<\/li><li><strong>Interessante Gruppenbilder, eine andere Art von &#8222;Mannschaftsfoto&#8220;<\/strong>  (f\u00fcr alle Vereine, Verb\u00e4nde, Organisationen)<\/li><li><strong>Veranstaltungsaufnahmen bei Festen, Firmenfeiern,  sportlichen Wettbewerben<\/strong> (f\u00fcr alle Vereine, Verb\u00e4nde, Unternehmen und Organisationen)<\/li><li><strong>Aufnahmen Ihres Privatgel\u00e4ndes,<\/strong> wenn Sie Ihr Haus detailliert von oben sehen wollen (f\u00fcr Privatpersonen)<br><\/li><li>&#8230;und vieles mehr. <a href=\"mailto:info@ponten-weber.de?subject=Luftbildaufnahmen und Drohnenflug\" data-type=\"mailto\" data-id=\"mailto:info@ponten-weber.de?subject=Luftbildaufnahmen und Drohnenflug\" target=\"_blank\" rel=\"noreferrer noopener\">Fragen Sie gerne nach!<\/a><\/li><\/ul>\n<\/div>\n<\/div>\n\n\n\n<p>Dabei sind bis zu 4 \u00d7 30 Minuten Einsatzdauer m\u00f6glich, sofern es die Wetterbedingungen zulassen. Die bis zu 70 km\/h schnelle Drohne fliegt dabei immer intelligent und sicher, dank des neuen APAS 3.0, einem System zur Hindernisvermeidung. Die Drohne weicht dabei Objekten im Zweifelsfall vollautomatisch aus oder bleibt stehen.<\/p>\n\n\n\n<h4 class=\"wp-block-heading\">Alle beh\u00f6rdlichen Sicherheitsvorkehrungen erf\u00fcllt<\/h4>\n\n\n\n<p>Selbstverst\u00e4ndlich verf\u00fcgen wir \u00fcber die beh\u00f6rdliche Bef\u00e4higung zur Steuerung eines solchen Luftfahrzeugs, wozu wesentliche Kenntnisse \u00fcber Flugeigenschaften, Regularien der Luftfahrt, Gesetze, Wind und Wetter geh\u00f6ren. Ohne diese Erlaubnis ist ein sicherer Aufstieg, insbesondere zu gewerblichen Zwecken, in Deutschland nicht angeraten. Dazu geh\u00f6rt nat\u00fcrlich auch eine entsprechende Versicherung der Drohne. Bei jedem Aufstieg ist es f\u00fcr uns selbstverst\u00e4ndlich, m\u00f6glicherweise davon betroffene, Beh\u00f6rden und Organisationen dar\u00fcber in Kenntnis zu setzen. <\/p>\n\n\n\n<h4 class=\"wp-block-heading\">Ausnahmegenehmigungen, Voraussetzungen und Einschr\u00e4nkungen<\/h4>\n\n\n\n<div class=\"wp-block-image\"><figure class=\"alignleft size-large is-resized\"><img loading=\"lazy\" decoding=\"async\" src=\"https:\/\/ponten-weber.de\/wp-content\/uploads\/2020\/10\/Bild-von-Peggy-und-Marco-Lachmann-Anke-auf-Pixabay-Fliegen-Raktenrucksack-rocket-1027870-1-1024x1024.jpg\" alt=\"\" class=\"wp-image-406\" width=\"222\" height=\"222\" srcset=\"https:\/\/ponten-weber.de\/wp-content\/uploads\/2020\/10\/Bild-von-Peggy-und-Marco-Lachmann-Anke-auf-Pixabay-Fliegen-Raktenrucksack-rocket-1027870-1-1024x1024.jpg 1024w, https:\/\/ponten-weber.de\/wp-content\/uploads\/2020\/10\/Bild-von-Peggy-und-Marco-Lachmann-Anke-auf-Pixabay-Fliegen-Raktenrucksack-rocket-1027870-1-300x300.jpg 300w, https:\/\/ponten-weber.de\/wp-content\/uploads\/2020\/10\/Bild-von-Peggy-und-Marco-Lachmann-Anke-auf-Pixabay-Fliegen-Raktenrucksack-rocket-1027870-1-scaled-100x100.jpg 100w, https:\/\/ponten-weber.de\/wp-content\/uploads\/2020\/10\/Bild-von-Peggy-und-Marco-Lachmann-Anke-auf-Pixabay-Fliegen-Raktenrucksack-rocket-1027870-1-scaled-600x600.jpg 600w, https:\/\/ponten-weber.de\/wp-content\/uploads\/2020\/10\/Bild-von-Peggy-und-Marco-Lachmann-Anke-auf-Pixabay-Fliegen-Raktenrucksack-rocket-1027870-1-150x150.jpg 150w, https:\/\/ponten-weber.de\/wp-content\/uploads\/2020\/10\/Bild-von-Peggy-und-Marco-Lachmann-Anke-auf-Pixabay-Fliegen-Raktenrucksack-rocket-1027870-1-768x768.jpg 768w, https:\/\/ponten-weber.de\/wp-content\/uploads\/2020\/10\/Bild-von-Peggy-und-Marco-Lachmann-Anke-auf-Pixabay-Fliegen-Raktenrucksack-rocket-1027870-1-1536x1536.jpg 1536w, https:\/\/ponten-weber.de\/wp-content\/uploads\/2020\/10\/Bild-von-Peggy-und-Marco-Lachmann-Anke-auf-Pixabay-Fliegen-Raktenrucksack-rocket-1027870-1-2048x2048.jpg 2048w\" sizes=\"(max-width: 222px) 100vw, 222px\" \/><\/figure><\/div>\n\n\n\n<p>Sollten geb\u00fchrenpflichtige Ausnahmegenehmigungen f\u00fcr den Aufstieg n\u00f6tig sein, so beantragen wir diese f\u00fcr den Auftraggeber gerne (kostenpflichtig). Bitte beachten Sie dabei, dass je nach Einsatzort (N\u00e4he zu Bundesfernstra\u00dfen, Bundeswasserstra\u00dfen, Gleisanlagen aller Art, \u00f6ffentliche und milit\u00e4rische Einrichtungen) Genehmigungen von Beh\u00f6rden des Bundes und der L\u00e4nder eingeholt werden m\u00fcssen, die unter Umst\u00e4nden versagt werden k\u00f6nnen. Teilweise bed\u00fcrfen diese einer langen Vorplanung. In der Regel k\u00f6nnen jedoch Ausweichtermine angegeben werden. <\/p>\n\n\n\n<p>Wenn Sie Aufstiege \u00fcber Privat- oder Firmengel\u00e4nde bei uns in Auftrag geben wollen, k\u00f6nnen Sie daf\u00fcr bereits mit Auftragserteilung <a href=\"https:\/\/ponten-weber.de\/wp-content\/uploads\/2020\/10\/Einverstaendniserklaerung-fuer-Luftbildaufnahmen.pdf\" data-type=\"URL\" data-id=\"https:\/\/ponten-weber.de\/wp-content\/uploads\/2020\/10\/Einverstaendniserklaerung-fuer-Luftbildaufnahmen.pdf\" target=\"_blank\" rel=\"noreferrer noopener\">dieses Formular verwenden.<\/a><\/p>\n\n\n\n<h4 class=\"wp-block-heading\">Fragen Sie uns und werfen Sie ein Blick auf die Referenzen<\/h4>\n\n\n\n<p>Bei allen Fragen rund um Thema Film- und Fotoaufnahmen\/Luftbildaufnahmen stehen wir Ihnen gerne zur Verf\u00fcgung. <a href=\"https:\/\/ponten-weber.de\/?cat=6\" data-type=\"URL\" data-id=\"https:\/\/ponten-weber.de\/?cat=6\">Beispielmaterial dazu finden Sie unter anderem in unseren Referenzstories.<\/a><\/p>\n<div class=\"shariff\"><ul class=\"shariff-buttons theme-default orientation-horizontal buttonsize-medium\"><li class=\"shariff-button mastodon shariff-nocustomcolor\" style=\"background-color:#563ACC\"><a href=\"https:\/\/s2f.kytta.dev\/?text=Luftbildaufnahmen%2F%20Drohnenfl%C3%BCge https%3A%2F%2Fponten-weber.de%2F%3Fpage_id%3D189\" title=\"Bei Mastodon teilen\" aria-label=\"Bei Mastodon teilen\" role=\"button\" rel=\"noopener nofollow\" class=\"shariff-link\" style=\"; background-color:#6364FF; color:#fff\" target=\"_blank\"><span class=\"shariff-icon\" style=\"\"><svg width=\"75\" height=\"79\" viewBox=\"0 0 75 79\" fill=\"none\" xmlns=\"http:\/\/www.w3.org\/2000\/svg\"><path d=\"M37.813-.025C32.462-.058 27.114.13 21.79.598c-8.544.621-17.214 5.58-20.203 13.931C-1.12 23.318.408 32.622.465 41.65c.375 7.316.943 14.78 3.392 21.73 4.365 9.465 14.781 14.537 24.782 15.385 7.64.698 15.761-.213 22.517-4.026a54.1 54.1 0 0 0 .01-6.232c-6.855 1.316-14.101 2.609-21.049 1.074-3.883-.88-6.876-4.237-7.25-8.215-1.53-3.988 3.78-.43 5.584-.883 9.048 1.224 18.282.776 27.303-.462 7.044-.837 14.26-4.788 16.65-11.833 2.263-6.135 1.215-12.79 1.698-19.177.06-3.84.09-7.692-.262-11.52C72.596 7.844 63.223.981 53.834.684a219.453 219.453 0 0 0-16.022-.71zm11.294 12.882c5.5-.067 10.801 4.143 11.67 9.653.338 1.48.471 3 .471 4.515v21.088h-8.357c-.07-7.588.153-15.182-.131-22.765-.587-4.368-7.04-5.747-9.672-2.397-2.422 3.04-1.47 7.155-1.67 10.735v6.392h-8.307c-.146-4.996.359-10.045-.404-15.002-1.108-4.218-7.809-5.565-10.094-1.666-1.685 3.046-.712 6.634-.976 9.936v14.767h-8.354c.109-8.165-.238-16.344.215-24.5.674-5.346 5.095-10.389 10.676-10.627 4.902-.739 10.103 2.038 12.053 6.631.375 1.435 1.76 1.932 1.994.084 1.844-3.704 5.501-6.739 9.785-6.771.367-.044.735-.068 1.101-.073z\"\/><defs><linearGradient id=\"paint0_linear_549_34\" x1=\"37.0692\" y1=\"0\" x2=\"37.0692\" y2=\"79\" gradientUnits=\"userSpaceOnUse\"><stop stop-color=\"#6364FF\"\/><stop offset=\"1\" stop-color=\"#563ACC\"\/><\/linearGradient><\/defs><\/svg><\/span><span class=\"shariff-text\">teilen<\/span>&nbsp;<\/a><\/li><li class=\"shariff-button facebook shariff-nocustomcolor\" style=\"background-color:#4273c8\"><a href=\"https:\/\/www.facebook.com\/sharer\/sharer.php?u=https%3A%2F%2Fponten-weber.de%2F%3Fpage_id%3D189\" title=\"Bei Facebook teilen\" aria-label=\"Bei Facebook teilen\" role=\"button\" rel=\"nofollow\" class=\"shariff-link\" style=\"; background-color:#3b5998; color:#fff\" target=\"_blank\"><span class=\"shariff-icon\" style=\"\"><svg width=\"32px\" height=\"20px\" xmlns=\"http:\/\/www.w3.org\/2000\/svg\" viewBox=\"0 0 18 32\"><path fill=\"#3b5998\" d=\"M17.1 0.2v4.7h-2.8q-1.5 0-2.1 0.6t-0.5 1.9v3.4h5.2l-0.7 5.3h-4.5v13.6h-5.5v-13.6h-4.5v-5.3h4.5v-3.9q0-3.3 1.9-5.2t5-1.8q2.6 0 4.1 0.2z\"\/><\/svg><\/span><span class=\"shariff-text\">teilen<\/span>&nbsp;<\/a><\/li><li class=\"shariff-button linkedin shariff-nocustomcolor\" style=\"background-color:#1488bf\"><a href=\"https:\/\/www.linkedin.com\/sharing\/share-offsite\/?url=https%3A%2F%2Fponten-weber.de%2F%3Fpage_id%3D189\" title=\"Bei LinkedIn teilen\" aria-label=\"Bei LinkedIn teilen\" role=\"button\" rel=\"noopener nofollow\" class=\"shariff-link\" style=\"; background-color:#0077b5; color:#fff\" target=\"_blank\"><span class=\"shariff-icon\" style=\"\"><svg width=\"32px\" height=\"20px\" xmlns=\"http:\/\/www.w3.org\/2000\/svg\" viewBox=\"0 0 27 32\"><path fill=\"#0077b5\" d=\"M6.2 11.2v17.7h-5.9v-17.7h5.9zM6.6 5.7q0 1.3-0.9 2.2t-2.4 0.9h0q-1.5 0-2.4-0.9t-0.9-2.2 0.9-2.2 2.4-0.9 2.4 0.9 0.9 2.2zM27.4 18.7v10.1h-5.9v-9.5q0-1.9-0.7-2.9t-2.3-1.1q-1.1 0-1.9 0.6t-1.2 1.5q-0.2 0.5-0.2 1.4v9.9h-5.9q0-7.1 0-11.6t0-5.3l0-0.9h5.9v2.6h0q0.4-0.6 0.7-1t1-0.9 1.6-0.8 2-0.3q3 0 4.9 2t1.9 6z\"\/><\/svg><\/span><span class=\"shariff-text\">teilen<\/span>&nbsp;<\/a><\/li><li class=\"shariff-button info shariff-nocustomcolor\" style=\"background-color:#eee\"><a href=\"http:\/\/ct.de\/-2467514\" title=\"Weitere Informationen\" aria-label=\"Weitere Informationen\" role=\"button\" rel=\"noopener \" class=\"shariff-link\" style=\"; background-color:#fff; color:#fff\" target=\"_blank\"><span class=\"shariff-icon\" style=\"\"><svg width=\"32px\" height=\"20px\" xmlns=\"http:\/\/www.w3.org\/2000\/svg\" viewBox=\"0 0 11 32\"><path fill=\"#999\" d=\"M11.4 24v2.3q0 0.5-0.3 0.8t-0.8 0.4h-9.1q-0.5 0-0.8-0.4t-0.4-0.8v-2.3q0-0.5 0.4-0.8t0.8-0.4h1.1v-6.8h-1.1q-0.5 0-0.8-0.4t-0.4-0.8v-2.3q0-0.5 0.4-0.8t0.8-0.4h6.8q0.5 0 0.8 0.4t0.4 0.8v10.3h1.1q0.5 0 0.8 0.4t0.3 0.8zM9.2 3.4v3.4q0 0.5-0.4 0.8t-0.8 0.4h-4.6q-0.4 0-0.8-0.4t-0.4-0.8v-3.4q0-0.4 0.4-0.8t0.8-0.4h4.6q0.5 0 0.8 0.4t0.4 0.8z\"\/><\/svg><\/span><\/a><\/li><\/ul><\/div>","protected":false},"excerpt":{"rendered":"<p>Mit einer hochmodernen DJI Drohne f\u00fchren wir professionelle Luftbildaufnahmen f\u00fcr gewerbliche und private Zwecke aus. Mit einem 1\/2-Zoll-Bildsensor k\u00f6nnen wir[&#8230;]<\/p>\n","protected":false},"author":1,"featured_media":302,"parent":0,"menu_order":0,"comment_status":"closed","ping_status":"closed","template":"","meta":{"footnotes":""},"_links":{"self":[{"href":"https:\/\/ponten-weber.de\/index.php?rest_route=\/wp\/v2\/pages\/189"}],"collection":[{"href":"https:\/\/ponten-weber.de\/index.php?rest_route=\/wp\/v2\/pages"}],"about":[{"href":"https:\/\/ponten-weber.de\/index.php?rest_route=\/wp\/v2\/types\/page"}],"author":[{"embeddable":true,"href":"https:\/\/ponten-weber.de\/index.php?rest_route=\/wp\/v2\/users\/1"}],"replies":[{"embeddable":true,"href":"https:\/\/ponten-weber.de\/index.php?rest_route=%2Fwp%2Fv2%2Fcomments&post=189"}],"version-history":[{"count":12,"href":"https:\/\/ponten-weber.de\/index.php?rest_route=\/wp\/v2\/pages\/189\/revisions"}],"predecessor-version":[{"id":590,"href":"https:\/\/ponten-weber.de\/index.php?rest_route=\/wp\/v2\/pages\/189\/revisions\/590"}],"wp:featuredmedia":[{"embeddable":true,"href":"https:\/\/ponten-weber.de\/index.php?rest_route=\/wp\/v2\/media\/302"}],"wp:attachment":[{"href":"https:\/\/ponten-weber.de\/index.php?rest_route=%2Fwp%2Fv2%2Fmedia&parent=189"}],"curies":[{"name":"wp","href":"https:\/\/api.w.org\/{rel}","templated":true}]}}