{"id":23,"date":"2020-09-30T12:07:17","date_gmt":"2020-09-30T10:07:17","guid":{"rendered":"https:\/\/relaunch.ponten-weber.de\/?page_id=23"},"modified":"2020-12-17T21:03:59","modified_gmt":"2020-12-17T20:03:59","slug":"herzlich-willkommen","status":"publish","type":"page","link":"https:\/\/ponten-weber.de\/","title":{"rendered":"Herzlich willkommen"},"content":{"rendered":"\n<p>Sch\u00f6n, dass Sie den Weg zur Ponten &amp; Weber GbR gefunden haben. Seit \u00fcber 10 Jahren sind wir inzwischen f\u00fcr unsere Kunden aus Handel, Handwerk, Dienstleistung, Industrie, Politik, Vereinen und Verb\u00e4nden der erste Ansprechpartner, wenn es um um IT, intelligente Automatisierung von Prozessen und Anwendungen, Web-, E-Mail- und Application-Hosting, alles rund um Medien, Internetseiten, Marketing, Kampagnen, Fotos, Imagefilme und vieles mehr geht. <br><br><a href=\"https:\/\/ponten-weber.de\/?page_id=35\" data-type=\"page\" data-id=\"35\">Auch f\u00fcr Ihre Fragen stehen wir gerne zur Verf\u00fcgung. Wir freuen uns auf Ihre Nachricht!<\/a><\/p>\n\n\n\n<p class=\"has-primary-color has-text-color\"><em><strong>Daniel Ponten <\/strong>und<strong> Aleksander Weber<\/strong><\/em><\/p>\n\n\n\n<h1 class=\"wp-block-heading\">Neuigkeiten<\/h1>\n\n\n\n<div style=\"height:26px\" aria-hidden=\"true\" class=\"wp-block-spacer\"><\/div>\n\n\n<div class=\"wp-block-themezee-magazine-blocks-grid tz-magazine-block \"><div class=\"tz-magazine-grid-columns tz-magazine-grid-columns-3\"><div class=\"tz-post-wrap\"><article id=\"post-758\" class=\"tz-magazine-post post-758 post tz-type-post status-publish format-standard has-post-thumbnail hentry category-in-eigener-sache category-kundeninformationen tag-luftbildaufnahmen tag-sponsoring tag-unterstuetzung tag-vereine tag-video tag-videoaufnahmen tag-videoproduktion\"><figure class=\"tz-entry-image entry-image\"><a href=\"https:\/\/ponten-weber.de\/?p=758\" rel=\"bookmark\"><img loading=\"lazy\" decoding=\"async\" width=\"840\" height=\"560\" src=\"https:\/\/ponten-weber.de\/wp-content\/uploads\/2020\/10\/Drohne-Bild-von-S.-Hermann-F.-Richter-auf-Pixabay-drone-2724257-840x560.png\" class=\"attachment-post-thumbnail size-post-thumbnail wp-post-image\" alt=\"\" \/><\/a><\/figure><header class=\"tz-entry-header entry-header\"><div class=\"tz-entry-meta entry-meta\"><span class=\"tz-meta-date meta-date tz-meta-field\"><a href=\"https:\/\/ponten-weber.de\/?p=758\" title=\"08:00\" rel=\"bookmark\">13. April 2024<\/a><\/span><span class=\"tz-meta-author meta-author tz-meta-field author vcard\"><a class=\"url fn n\" href=\"https:\/\/ponten-weber.de\/?author=1\" title=\"Alle Beitr\u00e4ge von Daniel Ponten anzeigen\" rel=\"author\">Daniel Ponten<\/a><\/span><span class=\"tz-meta-categories meta-categories tz-meta-field\"><a href=\"https:\/\/ponten-weber.de\/?cat=1\" rel=\"category\">In eigener Sache<\/a><span class=\"tz-meta-categories-sep\">, <\/span> <a href=\"https:\/\/ponten-weber.de\/?cat=3\" rel=\"category\">Kundeninformationen<\/a><\/span><\/div><h2 class=\"tz-entry-title entry-title\"><a href=\"https:\/\/ponten-weber.de\/?p=758\" rel=\"bookmark\">Drohnenfl\u00fcge: Preisnachlass im Jubil\u00e4umsjahr<\/a><\/h2><\/header><div class=\"tz-entry-content entry-content\"><p>In diesem Jahr feiern wir 15 Jahre Ponten &amp; Weber GbR. Genauso lange unterst\u00fctzen wir viele Kunden aus dem Vereinswesen und so ist uns auch die Anerkennung des gesellschaftlichen Engagements <span class=\"tz-excerpt-more\">[&hellip;]<\/span><\/p><p class=\"tz-read-more read-more\"><a href=\"https:\/\/ponten-weber.de\/?p=758\" class=\"tz-more-link more-link\" rel=\"bookmark\">Mehr dazu&#8230;<\/a><\/p><\/div><\/article><\/div><div class=\"tz-post-wrap\"><article id=\"post-749\" class=\"tz-magazine-post post-749 post tz-type-post status-publish format-standard has-post-thumbnail hentry category-in-eigener-sache category-kundeninformationen\"><figure class=\"tz-entry-image entry-image\"><a href=\"https:\/\/ponten-weber.de\/?p=749\" rel=\"bookmark\"><img loading=\"lazy\" decoding=\"async\" width=\"840\" height=\"560\" src=\"https:\/\/ponten-weber.de\/wp-content\/uploads\/2023\/12\/AdobeStock_310026795-Weihnachten-Dekorationen-Christmas-840x560.jpeg\" class=\"attachment-post-thumbnail size-post-thumbnail wp-post-image\" alt=\"\" \/><\/a><\/figure><header class=\"tz-entry-header entry-header\"><div class=\"tz-entry-meta entry-meta\"><span class=\"tz-meta-date meta-date tz-meta-field\"><a href=\"https:\/\/ponten-weber.de\/?p=749\" title=\"15:15\" rel=\"bookmark\">23. Dezember 2023<\/a><\/span><span class=\"tz-meta-author meta-author tz-meta-field author vcard\"><a class=\"url fn n\" href=\"https:\/\/ponten-weber.de\/?author=1\" title=\"Alle Beitr\u00e4ge von Daniel Ponten anzeigen\" rel=\"author\">Daniel Ponten<\/a><\/span><span class=\"tz-meta-categories meta-categories tz-meta-field\"><a href=\"https:\/\/ponten-weber.de\/?cat=1\" rel=\"category\">In eigener Sache<\/a><span class=\"tz-meta-categories-sep\">, <\/span> <a href=\"https:\/\/ponten-weber.de\/?cat=3\" rel=\"category\">Kundeninformationen<\/a><\/span><\/div><h2 class=\"tz-entry-title entry-title\"><a href=\"https:\/\/ponten-weber.de\/?p=749\" rel=\"bookmark\">Frohe Weihnachten und ein gutes neues Jahr 2024!<\/a><\/h2><\/header><div class=\"tz-entry-content entry-content\"><p>Liebe Gesch\u00e4ftspartner, das Jahr neigt sich dem Ende zu, und wir m\u00f6chten die Gelegenheit nutzen, Ihnen herzlich f\u00fcr die gute Zusammenarbeit in den vergangenen Monaten zu danken. Es war zweifellos <span class=\"tz-excerpt-more\">[&hellip;]<\/span><\/p><p class=\"tz-read-more read-more\"><a href=\"https:\/\/ponten-weber.de\/?p=749\" class=\"tz-more-link more-link\" rel=\"bookmark\">Mehr dazu&#8230;<\/a><\/p><\/div><\/article><\/div><div class=\"tz-post-wrap\"><article id=\"post-733\" class=\"tz-magazine-post post-733 post tz-type-post status-publish format-standard has-post-thumbnail hentry category-in-eigener-sache category-kundeninformationen\"><figure class=\"tz-entry-image entry-image\"><a href=\"https:\/\/ponten-weber.de\/?p=733\" rel=\"bookmark\"><img loading=\"lazy\" decoding=\"async\" width=\"840\" height=\"560\" src=\"https:\/\/ponten-weber.de\/wp-content\/uploads\/2022\/12\/Bild-von-Pexels-auf-Pixabay-Weihnachtsbaum-Tree-Presents-Geschenke-christmas-1869902-840x560.jpg\" class=\"attachment-post-thumbnail size-post-thumbnail wp-post-image\" alt=\"\" \/><\/a><\/figure><header class=\"tz-entry-header entry-header\"><div class=\"tz-entry-meta entry-meta\"><span class=\"tz-meta-date meta-date tz-meta-field\"><a href=\"https:\/\/ponten-weber.de\/?p=733\" title=\"14:00\" rel=\"bookmark\">23. Dezember 2022<\/a><\/span><span class=\"tz-meta-author meta-author tz-meta-field author vcard\"><a class=\"url fn n\" href=\"https:\/\/ponten-weber.de\/?author=1\" title=\"Alle Beitr\u00e4ge von Daniel Ponten anzeigen\" rel=\"author\">Daniel Ponten<\/a><\/span><span class=\"tz-meta-categories meta-categories tz-meta-field\"><a href=\"https:\/\/ponten-weber.de\/?cat=1\" rel=\"category\">In eigener Sache<\/a><span class=\"tz-meta-categories-sep\">, <\/span> <a href=\"https:\/\/ponten-weber.de\/?cat=3\" rel=\"category\">Kundeninformationen<\/a><\/span><\/div><h2 class=\"tz-entry-title entry-title\"><a href=\"https:\/\/ponten-weber.de\/?p=733\" rel=\"bookmark\">Danke f\u00fcr die gute Zusammenarbeit! &#8211; Sch\u00f6ne Weihnachstage w\u00fcnscht Ihnen Ponten &#038; Weber<\/a><\/h2><\/header><div class=\"tz-entry-content entry-content\"><p>Sehr geehrte Gesch\u00e4ftspartnerinnen und Gesch\u00e4ftspartner, wir w\u00fcnschen Ihnen sch\u00f6ne Weihnachtstage und bedanken uns ganz herzlich f\u00fcr die gute Zusammenarbeit und Ihr Vertrauen in diesem Jahr! In diesem Jahr haben wir <span class=\"tz-excerpt-more\">[&hellip;]<\/span><\/p><p class=\"tz-read-more read-more\"><a href=\"https:\/\/ponten-weber.de\/?p=733\" class=\"tz-more-link more-link\" rel=\"bookmark\">Mehr dazu&#8230;<\/a><\/p><\/div><\/article><\/div><div class=\"tz-post-wrap\"><article id=\"post-726\" class=\"tz-magazine-post post-726 post tz-type-post status-publish format-standard has-post-thumbnail hentry category-in-eigener-sache\"><figure class=\"tz-entry-image entry-image\"><a href=\"https:\/\/ponten-weber.de\/?p=726\" rel=\"bookmark\"><img loading=\"lazy\" decoding=\"async\" width=\"840\" height=\"560\" src=\"https:\/\/ponten-weber.de\/wp-content\/uploads\/2022\/11\/2022-08-spendenuebergabe_toevohilfe-840x560.png\" class=\"attachment-post-thumbnail size-post-thumbnail wp-post-image\" alt=\"\" \/><\/a><\/figure><header class=\"tz-entry-header entry-header\"><div class=\"tz-entry-meta entry-meta\"><span class=\"tz-meta-date meta-date tz-meta-field\"><a href=\"https:\/\/ponten-weber.de\/?p=726\" title=\"15:00\" rel=\"bookmark\">20. November 2022<\/a><\/span><span class=\"tz-meta-author meta-author tz-meta-field author vcard\"><a class=\"url fn n\" href=\"https:\/\/ponten-weber.de\/?author=1\" title=\"Alle Beitr\u00e4ge von Daniel Ponten anzeigen\" rel=\"author\">Daniel Ponten<\/a><\/span><span class=\"tz-meta-categories meta-categories tz-meta-field\"><a href=\"https:\/\/ponten-weber.de\/?cat=1\" rel=\"category\">In eigener Sache<\/a><\/span><\/div><h2 class=\"tz-entry-title entry-title\"><a href=\"https:\/\/ponten-weber.de\/?p=726\" rel=\"bookmark\">Unterst\u00fctzung f\u00fcr T\u00f6nisvorster Vereine: Gutes tun aus Tradition<\/a><\/h2><\/header><div class=\"tz-entry-content entry-content\"><p>Die Unterst\u00fctzung des guten Zwecks hat bei Aleksander Weber und Daniel Ponten aus T\u00f6nisvorst eine gewisse Tradition. Lange Jahre waren beide in T\u00f6nisvorst beim Serviceclub Round Table aktiv. Auch mit <span class=\"tz-excerpt-more\">[&hellip;]<\/span><\/p><p class=\"tz-read-more read-more\"><a href=\"https:\/\/ponten-weber.de\/?p=726\" class=\"tz-more-link more-link\" rel=\"bookmark\">Mehr dazu&#8230;<\/a><\/p><\/div><\/article><\/div><div class=\"tz-post-wrap\"><article id=\"post-723\" class=\"tz-magazine-post post-723 post tz-type-post status-publish format-standard has-post-thumbnail hentry category-kundeninformationen\"><figure class=\"tz-entry-image entry-image\"><a href=\"https:\/\/ponten-weber.de\/?p=723\" rel=\"bookmark\"><img loading=\"lazy\" decoding=\"async\" width=\"840\" height=\"560\" src=\"https:\/\/ponten-weber.de\/wp-content\/uploads\/2020\/10\/Bild-von-Photo-Mix-auf-Pixabay-modern-technologies-1263422-840x560.png\" class=\"attachment-post-thumbnail size-post-thumbnail wp-post-image\" alt=\"\" \/><\/a><\/figure><header class=\"tz-entry-header entry-header\"><div class=\"tz-entry-meta entry-meta\"><span class=\"tz-meta-date meta-date tz-meta-field\"><a href=\"https:\/\/ponten-weber.de\/?p=723\" title=\"13:33\" rel=\"bookmark\">28. Oktober 2022<\/a><\/span><span class=\"tz-meta-author meta-author tz-meta-field author vcard\"><a class=\"url fn n\" href=\"https:\/\/ponten-weber.de\/?author=1\" title=\"Alle Beitr\u00e4ge von Daniel Ponten anzeigen\" rel=\"author\">Daniel Ponten<\/a><\/span><span class=\"tz-meta-categories meta-categories tz-meta-field\"><a href=\"https:\/\/ponten-weber.de\/?cat=3\" rel=\"category\">Kundeninformationen<\/a><\/span><\/div><h2 class=\"tz-entry-title entry-title\"><a href=\"https:\/\/ponten-weber.de\/?p=723\" rel=\"bookmark\">Neues Belegdesign ab Anfang November<\/a><\/h2><\/header><div class=\"tz-entry-content entry-content\"><p>Mit der Umstellung auf ein neues CRM- und Warenwirtschaftssystem im Oktober werden unsere Kunden ab dem 02.11.2022 unsere Rechnungen, Angebote und andere Belege in einem neuen Design erhalten. Das Nummernformat <span class=\"tz-excerpt-more\">[&hellip;]<\/span><\/p><p class=\"tz-read-more read-more\"><a href=\"https:\/\/ponten-weber.de\/?p=723\" class=\"tz-more-link more-link\" rel=\"bookmark\">Mehr dazu&#8230;<\/a><\/p><\/div><\/article><\/div><div class=\"tz-post-wrap\"><article id=\"post-713\" class=\"tz-magazine-post post-713 post tz-type-post status-publish format-standard has-post-thumbnail hentry category-kundeninformationen tag-datacenter tag-rechenzentrum tag-service tag-support tag-wartungsarbeiten\"><figure class=\"tz-entry-image entry-image\"><a href=\"https:\/\/ponten-weber.de\/?p=713\" rel=\"bookmark\"><img loading=\"lazy\" decoding=\"async\" width=\"840\" height=\"560\" src=\"https:\/\/ponten-weber.de\/wp-content\/uploads\/2020\/10\/Werkstatt-Werkzeug-Service-Bild-von-Free-Photos-auf-Pixabay-machine-690190-840x560.png\" class=\"attachment-post-thumbnail size-post-thumbnail wp-post-image\" alt=\"\" \/><\/a><\/figure><header class=\"tz-entry-header entry-header\"><div class=\"tz-entry-meta entry-meta\"><span class=\"tz-meta-date meta-date tz-meta-field\"><a href=\"https:\/\/ponten-weber.de\/?p=713\" title=\"18:43\" rel=\"bookmark\">26. September 2022<\/a><\/span><span class=\"tz-meta-author meta-author tz-meta-field author vcard\"><a class=\"url fn n\" href=\"https:\/\/ponten-weber.de\/?author=1\" title=\"Alle Beitr\u00e4ge von Daniel Ponten anzeigen\" rel=\"author\">Daniel Ponten<\/a><\/span><span class=\"tz-meta-categories meta-categories tz-meta-field\"><a href=\"https:\/\/ponten-weber.de\/?cat=3\" rel=\"category\">Kundeninformationen<\/a><\/span><\/div><h2 class=\"tz-entry-title entry-title\"><a href=\"https:\/\/ponten-weber.de\/?p=713\" rel=\"bookmark\">Service-Beeintr\u00e4chtigung: Kurzzeitige Unterbrechungen Ihrer Netzwerkkonnektivit\u00e4t<\/a><\/h2><\/header><div class=\"tz-entry-content entry-content\"><p>Service-Beeintr\u00e4chtigung:Kurzzeitige Unterbrechungen Ihrer Netzwerkkonnektivit\u00e4tStartzeit: 26.09.2022 &#8211; 22:00 UhrEndzeit: 26.09.2022 &#8211; 23:00 UhrT\u00e4tigkeit: Arbeiten an zentraler Netzkomponente Sehr geehrte Kunden, aufgrund der noch anliegenden St\u00f6rung an einer zentralen Cisco-Netzwerkkomponente, f\u00fchren wir <span class=\"tz-excerpt-more\">[&hellip;]<\/span><\/p><p class=\"tz-read-more read-more\"><a href=\"https:\/\/ponten-weber.de\/?p=713\" class=\"tz-more-link more-link\" rel=\"bookmark\">Mehr dazu&#8230;<\/a><\/p><\/div><\/article><\/div><\/div><\/div>\n\n\n<p><\/p>\n<div class=\"shariff\"><ul class=\"shariff-buttons theme-default orientation-horizontal buttonsize-medium\"><li class=\"shariff-button mastodon shariff-nocustomcolor\" style=\"background-color:#563ACC\"><a href=\"https:\/\/s2f.kytta.dev\/?text=Herzlich%20willkommen https%3A%2F%2Fponten-weber.de%2F\" title=\"Bei Mastodon teilen\" aria-label=\"Bei Mastodon teilen\" role=\"button\" rel=\"noopener nofollow\" class=\"shariff-link\" style=\"; background-color:#6364FF; color:#fff\" target=\"_blank\"><span class=\"shariff-icon\" style=\"\"><svg width=\"75\" height=\"79\" viewBox=\"0 0 75 79\" fill=\"none\" xmlns=\"http:\/\/www.w3.org\/2000\/svg\"><path d=\"M37.813-.025C32.462-.058 27.114.13 21.79.598c-8.544.621-17.214 5.58-20.203 13.931C-1.12 23.318.408 32.622.465 41.65c.375 7.316.943 14.78 3.392 21.73 4.365 9.465 14.781 14.537 24.782 15.385 7.64.698 15.761-.213 22.517-4.026a54.1 54.1 0 0 0 .01-6.232c-6.855 1.316-14.101 2.609-21.049 1.074-3.883-.88-6.876-4.237-7.25-8.215-1.53-3.988 3.78-.43 5.584-.883 9.048 1.224 18.282.776 27.303-.462 7.044-.837 14.26-4.788 16.65-11.833 2.263-6.135 1.215-12.79 1.698-19.177.06-3.84.09-7.692-.262-11.52C72.596 7.844 63.223.981 53.834.684a219.453 219.453 0 0 0-16.022-.71zm11.294 12.882c5.5-.067 10.801 4.143 11.67 9.653.338 1.48.471 3 .471 4.515v21.088h-8.357c-.07-7.588.153-15.182-.131-22.765-.587-4.368-7.04-5.747-9.672-2.397-2.422 3.04-1.47 7.155-1.67 10.735v6.392h-8.307c-.146-4.996.359-10.045-.404-15.002-1.108-4.218-7.809-5.565-10.094-1.666-1.685 3.046-.712 6.634-.976 9.936v14.767h-8.354c.109-8.165-.238-16.344.215-24.5.674-5.346 5.095-10.389 10.676-10.627 4.902-.739 10.103 2.038 12.053 6.631.375 1.435 1.76 1.932 1.994.084 1.844-3.704 5.501-6.739 9.785-6.771.367-.044.735-.068 1.101-.073z\"\/><defs><linearGradient id=\"paint0_linear_549_34\" x1=\"37.0692\" y1=\"0\" x2=\"37.0692\" y2=\"79\" gradientUnits=\"userSpaceOnUse\"><stop stop-color=\"#6364FF\"\/><stop offset=\"1\" stop-color=\"#563ACC\"\/><\/linearGradient><\/defs><\/svg><\/span><span class=\"shariff-text\">teilen<\/span>&nbsp;<\/a><\/li><li class=\"shariff-button facebook shariff-nocustomcolor\" style=\"background-color:#4273c8\"><a href=\"https:\/\/www.facebook.com\/sharer\/sharer.php?u=https%3A%2F%2Fponten-weber.de%2F\" title=\"Bei Facebook teilen\" aria-label=\"Bei Facebook teilen\" role=\"button\" rel=\"nofollow\" class=\"shariff-link\" style=\"; background-color:#3b5998; color:#fff\" target=\"_blank\"><span class=\"shariff-icon\" style=\"\"><svg width=\"32px\" height=\"20px\" xmlns=\"http:\/\/www.w3.org\/2000\/svg\" viewBox=\"0 0 18 32\"><path fill=\"#3b5998\" d=\"M17.1 0.2v4.7h-2.8q-1.5 0-2.1 0.6t-0.5 1.9v3.4h5.2l-0.7 5.3h-4.5v13.6h-5.5v-13.6h-4.5v-5.3h4.5v-3.9q0-3.3 1.9-5.2t5-1.8q2.6 0 4.1 0.2z\"\/><\/svg><\/span><span class=\"shariff-text\">teilen<\/span>&nbsp;<\/a><\/li><li class=\"shariff-button linkedin shariff-nocustomcolor\" style=\"background-color:#1488bf\"><a href=\"https:\/\/www.linkedin.com\/sharing\/share-offsite\/?url=https%3A%2F%2Fponten-weber.de%2F\" title=\"Bei LinkedIn teilen\" aria-label=\"Bei LinkedIn teilen\" role=\"button\" rel=\"noopener nofollow\" class=\"shariff-link\" style=\"; background-color:#0077b5; color:#fff\" target=\"_blank\"><span class=\"shariff-icon\" style=\"\"><svg width=\"32px\" height=\"20px\" xmlns=\"http:\/\/www.w3.org\/2000\/svg\" viewBox=\"0 0 27 32\"><path fill=\"#0077b5\" d=\"M6.2 11.2v17.7h-5.9v-17.7h5.9zM6.6 5.7q0 1.3-0.9 2.2t-2.4 0.9h0q-1.5 0-2.4-0.9t-0.9-2.2 0.9-2.2 2.4-0.9 2.4 0.9 0.9 2.2zM27.4 18.7v10.1h-5.9v-9.5q0-1.9-0.7-2.9t-2.3-1.1q-1.1 0-1.9 0.6t-1.2 1.5q-0.2 0.5-0.2 1.4v9.9h-5.9q0-7.1 0-11.6t0-5.3l0-0.9h5.9v2.6h0q0.4-0.6 0.7-1t1-0.9 1.6-0.8 2-0.3q3 0 4.9 2t1.9 6z\"\/><\/svg><\/span><span class=\"shariff-text\">teilen<\/span>&nbsp;<\/a><\/li><li class=\"shariff-button info shariff-nocustomcolor\" style=\"background-color:#eee\"><a href=\"http:\/\/ct.de\/-2467514\" title=\"Weitere Informationen\" aria-label=\"Weitere Informationen\" role=\"button\" rel=\"noopener \" class=\"shariff-link\" style=\"; background-color:#fff; color:#fff\" target=\"_blank\"><span class=\"shariff-icon\" style=\"\"><svg width=\"32px\" height=\"20px\" xmlns=\"http:\/\/www.w3.org\/2000\/svg\" viewBox=\"0 0 11 32\"><path fill=\"#999\" d=\"M11.4 24v2.3q0 0.5-0.3 0.8t-0.8 0.4h-9.1q-0.5 0-0.8-0.4t-0.4-0.8v-2.3q0-0.5 0.4-0.8t0.8-0.4h1.1v-6.8h-1.1q-0.5 0-0.8-0.4t-0.4-0.8v-2.3q0-0.5 0.4-0.8t0.8-0.4h6.8q0.5 0 0.8 0.4t0.4 0.8v10.3h1.1q0.5 0 0.8 0.4t0.3 0.8zM9.2 3.4v3.4q0 0.5-0.4 0.8t-0.8 0.4h-4.6q-0.4 0-0.8-0.4t-0.4-0.8v-3.4q0-0.4 0.4-0.8t0.8-0.4h4.6q0.5 0 0.8 0.4t0.4 0.8z\"\/><\/svg><\/span><\/a><\/li><\/ul><\/div>","protected":false},"excerpt":{"rendered":"<p>Sch\u00f6n, dass Sie den Weg zur Ponten &amp; Weber GbR gefunden haben. Seit \u00fcber 10 Jahren sind wir inzwischen f\u00fcr[&#8230;]<\/p>\n","protected":false},"author":1,"featured_media":0,"parent":0,"menu_order":0,"comment_status":"closed","ping_status":"closed","template":"","meta":{"footnotes":""},"_links":{"self":[{"href":"https:\/\/ponten-weber.de\/index.php?rest_route=\/wp\/v2\/pages\/23"}],"collection":[{"href":"https:\/\/ponten-weber.de\/index.php?rest_route=\/wp\/v2\/pages"}],"about":[{"href":"https:\/\/ponten-weber.de\/index.php?rest_route=\/wp\/v2\/types\/page"}],"author":[{"embeddable":true,"href":"https:\/\/ponten-weber.de\/index.php?rest_route=\/wp\/v2\/users\/1"}],"replies":[{"embeddable":true,"href":"https:\/\/ponten-weber.de\/index.php?rest_route=%2Fwp%2Fv2%2Fcomments&post=23"}],"version-history":[{"count":16,"href":"https:\/\/ponten-weber.de\/index.php?rest_route=\/wp\/v2\/pages\/23\/revisions"}],"predecessor-version":[{"id":546,"href":"https:\/\/ponten-weber.de\/index.php?rest_route=\/wp\/v2\/pages\/23\/revisions\/546"}],"wp:attachment":[{"href":"https:\/\/ponten-weber.de\/index.php?rest_route=%2Fwp%2Fv2%2Fmedia&parent=23"}],"curies":[{"name":"wp","href":"https:\/\/api.w.org\/{rel}","templated":true}]}}