{"id":32,"date":"2020-09-30T12:16:01","date_gmt":"2020-09-30T12:16:01","guid":{"rendered":"https:\/\/relaunch.ponten-weber.de\/?page_id=32"},"modified":"2020-12-19T13:42:52","modified_gmt":"2020-12-19T12:42:52","slug":"unternehmen","status":"publish","type":"page","link":"https:\/\/ponten-weber.de\/?page_id=32","title":{"rendered":"Unternehmen"},"content":{"rendered":"\n<h4 class=\"wp-block-heading\">Ponten &amp; Weber heute<\/h4>\n\n\n\n<p>Zusammen verf\u00fcgen Aleksander Weber und Daniel Ponten heute inzwischen \u00fcber mehr als 40 Jahre Erfahrung im gesamten Bereich der InformationsTechnik und Mediendienstleistungen. <\/p>\n\n\n\n<p>Der erste Kunde, der 2009 Ausl\u00f6ser der Firmengr\u00fcndung war, ist auch heute noch Bestandskunde. Eine gute und langj\u00e4hrige Kundenbindung findet ihre Grundlage im st\u00e4ndigen Austausch und Gespr\u00e4ch mit unseren Kunden.  Im Sommer 2019 feierten wir zehn Jahre Ponten &amp; Weber mit mehr als 100 G\u00e4sten.<\/p>\n\n\n\n<p>Wir verstehen uns heute als Anbieter f\u00fcr gewerbliche Kunden, Privatkunden mit gewerblichem Hintergrund, lokale Unternehmen aus Handel, Handwerk und Produktion, sowie Vereine, Verb\u00e4nde und Innungen. <\/p>\n\n\n\n<p>Dabei wird inzwischen ein breites Portfolio abgedeckt, was unter anderem von <a href=\"https:\/\/ponten-weber.de\/?page_id=222\" data-type=\"page\" data-id=\"222\">Kampagnenmanagement<\/a> bis zur <a href=\"https:\/\/ponten-weber.de\/?page_id=167\" data-type=\"page\" data-id=\"167\">Netzwerktechnik<\/a> reicht, gemeinsam mit Partnern journalistische und rechtliche Inhalte abdeckt und auf das inzwischen Kunden weit \u00fcber unsere Region hinaus zur\u00fcckgreifen. Dazwischen finden Sie Stichworte, wie  <a href=\"https:\/\/ponten-weber.de\/?page_id=183\" data-type=\"page\" data-id=\"183\">Webdesign<\/a>, <a href=\"https:\/\/ponten-weber.de\/?page_id=187\" data-type=\"page\" data-id=\"187\">Videopr\u00e4sentationen<\/a>, <a href=\"https:\/\/ponten-weber.de\/?page_id=187\" data-type=\"page\" data-id=\"187\">Video-Broadcasting<\/a>, <a href=\"https:\/\/ponten-weber.de\/?page_id=189\" data-type=\"page\" data-id=\"189\">Luftbildaufnahmen<\/a>, <a href=\"https:\/\/ponten-weber.de\/?page_id=361\" data-type=\"page\" data-id=\"361\">IT-Security<\/a>, <a href=\"https:\/\/ponten-weber.de\/?page_id=184\" data-type=\"page\" data-id=\"184\">Webhosting<\/a> und vieles mehr. <\/p>\n\n\n\n<p><a href=\"https:\/\/ponten-weber.de\/?page_id=35\">Aber sprechen Sie uns doch einfach auf Ihr Thema an.<\/a><\/p>\n\n\n\n<h4 class=\"wp-block-heading\">Ponten &amp; Weber seit 2009<\/h4>\n\n\n\n<div class=\"wp-block-image\"><figure class=\"alignright size-large\"><img loading=\"lazy\" decoding=\"async\" width=\"300\" height=\"231\" src=\"https:\/\/ponten-weber.de\/wp-content\/uploads\/2020\/12\/boy_history.gif\" alt=\"\" class=\"wp-image-557\"\/><\/figure><\/div>\n\n\n\n<p>Im Dezember 2008 begann allm\u00e4hlich die gemeinsame Geschichte von Ponten &amp; Weber. Ausl\u00f6ser daf\u00fcr, die Aktivit\u00e4ten in der IT zuk\u00fcnftig gemeinsam voranzutreiben, war die Aussicht auf ein Projekt, das keiner alleine h\u00e4tte bew\u00e4ltigen k\u00f6nnen. <\/p>\n\n\n\n<p>So wurde nach wenigen Wochen Vorplanung  zwischen Weihnachten und Neujahr 2008 der Grundstein f\u00fcr die Ponten &amp; Weber GbR am 01. Januar 2009 gelegt, w\u00e4hrend man schon mit Hochdruck an dem Kundenauftrag arbeitete und eine gemeinsame Unternehmensstruktur aufbaute.<\/p>\n\n\n\n<h4 class=\"wp-block-heading\">Historie<\/h4>\n\n\n\n<p>Aleksander Weber ist seit Ende der 1990er Jahre im Bereich Veranstaltungstechnik, Video- und Tontechnik unterwegs gewesen und dar\u00fcber angefangen Erfahrungen im Bereich der IT zu sammeln. Er betreut auch heute noch langj\u00e4hrige Kunden im Bereich Server- und Netzwerktechnik aus dieser Zeit.<\/p>\n\n\n\n<p>Im gleichen Zeitraum war Daniel Ponten alleine oder bereits in verschiedenen Arbeitsgemeinschaften im IT und Webdesign-Bereich t\u00e4tig. Bis Ende des Jahres 2007 existierte die Firma Ponten Webdesign, die schon zahlreiche Webdesign-Projekte f\u00fcr Unternehmen und Vereine in Krefeld und der Region umgesetzt hatte.<\/p>\n\n\n\n<p>Gemeinsam waren Aleksander Weber und Daniel Ponten in der Zeit von 2002 bis 2008 f\u00fcr ein Systemhaus in Krefeld als IT-Systemkaufmann und Fachinformatiker f\u00fcr Systemintegration t\u00e4tig.<\/p>\n\n\n\n<p><\/p>\n<div class=\"shariff\"><ul class=\"shariff-buttons theme-default orientation-horizontal buttonsize-medium\"><li class=\"shariff-button mastodon shariff-nocustomcolor\" style=\"background-color:#563ACC\"><a href=\"https:\/\/s2f.kytta.dev\/?text=Unternehmen https%3A%2F%2Fponten-weber.de%2F%3Fpage_id%3D32\" title=\"Bei Mastodon teilen\" aria-label=\"Bei Mastodon teilen\" role=\"button\" rel=\"noopener nofollow\" class=\"shariff-link\" style=\"; background-color:#6364FF; color:#fff\" target=\"_blank\"><span class=\"shariff-icon\" style=\"\"><svg width=\"75\" height=\"79\" viewBox=\"0 0 75 79\" fill=\"none\" xmlns=\"http:\/\/www.w3.org\/2000\/svg\"><path d=\"M37.813-.025C32.462-.058 27.114.13 21.79.598c-8.544.621-17.214 5.58-20.203 13.931C-1.12 23.318.408 32.622.465 41.65c.375 7.316.943 14.78 3.392 21.73 4.365 9.465 14.781 14.537 24.782 15.385 7.64.698 15.761-.213 22.517-4.026a54.1 54.1 0 0 0 .01-6.232c-6.855 1.316-14.101 2.609-21.049 1.074-3.883-.88-6.876-4.237-7.25-8.215-1.53-3.988 3.78-.43 5.584-.883 9.048 1.224 18.282.776 27.303-.462 7.044-.837 14.26-4.788 16.65-11.833 2.263-6.135 1.215-12.79 1.698-19.177.06-3.84.09-7.692-.262-11.52C72.596 7.844 63.223.981 53.834.684a219.453 219.453 0 0 0-16.022-.71zm11.294 12.882c5.5-.067 10.801 4.143 11.67 9.653.338 1.48.471 3 .471 4.515v21.088h-8.357c-.07-7.588.153-15.182-.131-22.765-.587-4.368-7.04-5.747-9.672-2.397-2.422 3.04-1.47 7.155-1.67 10.735v6.392h-8.307c-.146-4.996.359-10.045-.404-15.002-1.108-4.218-7.809-5.565-10.094-1.666-1.685 3.046-.712 6.634-.976 9.936v14.767h-8.354c.109-8.165-.238-16.344.215-24.5.674-5.346 5.095-10.389 10.676-10.627 4.902-.739 10.103 2.038 12.053 6.631.375 1.435 1.76 1.932 1.994.084 1.844-3.704 5.501-6.739 9.785-6.771.367-.044.735-.068 1.101-.073z\"\/><defs><linearGradient id=\"paint0_linear_549_34\" x1=\"37.0692\" y1=\"0\" x2=\"37.0692\" y2=\"79\" gradientUnits=\"userSpaceOnUse\"><stop stop-color=\"#6364FF\"\/><stop offset=\"1\" stop-color=\"#563ACC\"\/><\/linearGradient><\/defs><\/svg><\/span><span class=\"shariff-text\">teilen<\/span>&nbsp;<\/a><\/li><li class=\"shariff-button facebook shariff-nocustomcolor\" style=\"background-color:#4273c8\"><a href=\"https:\/\/www.facebook.com\/sharer\/sharer.php?u=https%3A%2F%2Fponten-weber.de%2F%3Fpage_id%3D32\" title=\"Bei Facebook teilen\" aria-label=\"Bei Facebook teilen\" role=\"button\" rel=\"nofollow\" class=\"shariff-link\" style=\"; background-color:#3b5998; color:#fff\" target=\"_blank\"><span class=\"shariff-icon\" style=\"\"><svg width=\"32px\" height=\"20px\" xmlns=\"http:\/\/www.w3.org\/2000\/svg\" viewBox=\"0 0 18 32\"><path fill=\"#3b5998\" d=\"M17.1 0.2v4.7h-2.8q-1.5 0-2.1 0.6t-0.5 1.9v3.4h5.2l-0.7 5.3h-4.5v13.6h-5.5v-13.6h-4.5v-5.3h4.5v-3.9q0-3.3 1.9-5.2t5-1.8q2.6 0 4.1 0.2z\"\/><\/svg><\/span><span class=\"shariff-text\">teilen<\/span>&nbsp;<\/a><\/li><li class=\"shariff-button linkedin shariff-nocustomcolor\" style=\"background-color:#1488bf\"><a href=\"https:\/\/www.linkedin.com\/sharing\/share-offsite\/?url=https%3A%2F%2Fponten-weber.de%2F%3Fpage_id%3D32\" title=\"Bei LinkedIn teilen\" aria-label=\"Bei LinkedIn teilen\" role=\"button\" rel=\"noopener nofollow\" class=\"shariff-link\" style=\"; background-color:#0077b5; color:#fff\" target=\"_blank\"><span class=\"shariff-icon\" style=\"\"><svg width=\"32px\" height=\"20px\" xmlns=\"http:\/\/www.w3.org\/2000\/svg\" viewBox=\"0 0 27 32\"><path fill=\"#0077b5\" d=\"M6.2 11.2v17.7h-5.9v-17.7h5.9zM6.6 5.7q0 1.3-0.9 2.2t-2.4 0.9h0q-1.5 0-2.4-0.9t-0.9-2.2 0.9-2.2 2.4-0.9 2.4 0.9 0.9 2.2zM27.4 18.7v10.1h-5.9v-9.5q0-1.9-0.7-2.9t-2.3-1.1q-1.1 0-1.9 0.6t-1.2 1.5q-0.2 0.5-0.2 1.4v9.9h-5.9q0-7.1 0-11.6t0-5.3l0-0.9h5.9v2.6h0q0.4-0.6 0.7-1t1-0.9 1.6-0.8 2-0.3q3 0 4.9 2t1.9 6z\"\/><\/svg><\/span><span class=\"shariff-text\">teilen<\/span>&nbsp;<\/a><\/li><li class=\"shariff-button info shariff-nocustomcolor\" style=\"background-color:#eee\"><a href=\"http:\/\/ct.de\/-2467514\" title=\"Weitere Informationen\" aria-label=\"Weitere Informationen\" role=\"button\" rel=\"noopener \" class=\"shariff-link\" style=\"; background-color:#fff; color:#fff\" target=\"_blank\"><span class=\"shariff-icon\" style=\"\"><svg width=\"32px\" height=\"20px\" xmlns=\"http:\/\/www.w3.org\/2000\/svg\" viewBox=\"0 0 11 32\"><path fill=\"#999\" d=\"M11.4 24v2.3q0 0.5-0.3 0.8t-0.8 0.4h-9.1q-0.5 0-0.8-0.4t-0.4-0.8v-2.3q0-0.5 0.4-0.8t0.8-0.4h1.1v-6.8h-1.1q-0.5 0-0.8-0.4t-0.4-0.8v-2.3q0-0.5 0.4-0.8t0.8-0.4h6.8q0.5 0 0.8 0.4t0.4 0.8v10.3h1.1q0.5 0 0.8 0.4t0.3 0.8zM9.2 3.4v3.4q0 0.5-0.4 0.8t-0.8 0.4h-4.6q-0.4 0-0.8-0.4t-0.4-0.8v-3.4q0-0.4 0.4-0.8t0.8-0.4h4.6q0.5 0 0.8 0.4t0.4 0.8z\"\/><\/svg><\/span><\/a><\/li><\/ul><\/div>","protected":false},"excerpt":{"rendered":"<p>Ponten &amp; Weber heute Zusammen verf\u00fcgen Aleksander Weber und Daniel Ponten heute inzwischen \u00fcber mehr als 40 Jahre Erfahrung im[&#8230;]<\/p>\n","protected":false},"author":1,"featured_media":0,"parent":0,"menu_order":0,"comment_status":"closed","ping_status":"closed","template":"","meta":{"footnotes":""},"_links":{"self":[{"href":"https:\/\/ponten-weber.de\/index.php?rest_route=\/wp\/v2\/pages\/32"}],"collection":[{"href":"https:\/\/ponten-weber.de\/index.php?rest_route=\/wp\/v2\/pages"}],"about":[{"href":"https:\/\/ponten-weber.de\/index.php?rest_route=\/wp\/v2\/types\/page"}],"author":[{"embeddable":true,"href":"https:\/\/ponten-weber.de\/index.php?rest_route=\/wp\/v2\/users\/1"}],"replies":[{"embeddable":true,"href":"https:\/\/ponten-weber.de\/index.php?rest_route=%2Fwp%2Fv2%2Fcomments&post=32"}],"version-history":[{"count":8,"href":"https:\/\/ponten-weber.de\/index.php?rest_route=\/wp\/v2\/pages\/32\/revisions"}],"predecessor-version":[{"id":559,"href":"https:\/\/ponten-weber.de\/index.php?rest_route=\/wp\/v2\/pages\/32\/revisions\/559"}],"wp:attachment":[{"href":"https:\/\/ponten-weber.de\/index.php?rest_route=%2Fwp%2Fv2%2Fmedia&parent=32"}],"curies":[{"name":"wp","href":"https:\/\/api.w.org\/{rel}","templated":true}]}}