{"id":358,"date":"2020-10-30T12:47:55","date_gmt":"2020-10-30T10:47:55","guid":{"rendered":"https:\/\/relaunch.ponten-weber.de\/?page_id=358"},"modified":"2020-10-30T16:42:17","modified_gmt":"2020-10-30T14:42:17","slug":"produkte","status":"publish","type":"page","link":"https:\/\/ponten-weber.de\/?page_id=358","title":{"rendered":"Produkte"},"content":{"rendered":"\n<h4 class=\"wp-block-heading\">Hardware<strong> \u00b7 <\/strong>Server, PCs, Notebooks, Monitore, Tablets, Mobiltelefone, Drucker und Zubeh\u00f6r<\/h4>\n\n\n\n<p>Der Zugriff auf Produkte im IT-Bereich ist dank zahlloser Onlineshops inzwischen f\u00fcr jeden quasi unbegrenzt. Egal ob Tastatur, Tablet, Gro\u00dfformatdrucker &#8211; alles ist meistens innerhalb eines Tages lieferbar. Die Produktvielfalt ist dabei schwer zu \u00fcberschauen. <\/p>\n\n\n\n<blockquote class=\"wp-block-quote\"><p>Welches Produkt bietet den von Ihnen gew\u00fcnschten Nutzen? Stimmt dabei die Qualit\u00e4t und Haltbarkeit? Und wie l\u00e4uft das sicher und zuverl\u00e4ssig in ihrem Netzwerk?<\/p><\/blockquote>\n\n\n\n<p>Das sind die Fragen, die wir versuchen f\u00fcr Sie im Hardware- und Softwarebereich zu beantworten. Wir wollen ihn nicht irgendetwas verkaufen, sondern Produkte und L\u00f6sungen, die Ihren und unseren Anforderungen an Effizienz und Haltbarkeit gerecht werden. <\/p>\n\n\n\n<div class=\"wp-block-image\"><figure class=\"alignleft size-large is-resized\"><img loading=\"lazy\" decoding=\"async\" src=\"https:\/\/ponten-weber.de\/wp-content\/uploads\/2020\/10\/Bild-von-Peggy-und-Marco-Lachmann-Anke-auf-Pixabay-Tablet-Display-1889065-1024x1024.jpg\" alt=\"\" class=\"wp-image-395\" width=\"276\" height=\"276\" srcset=\"https:\/\/ponten-weber.de\/wp-content\/uploads\/2020\/10\/Bild-von-Peggy-und-Marco-Lachmann-Anke-auf-Pixabay-Tablet-Display-1889065-1024x1024.jpg 1024w, https:\/\/ponten-weber.de\/wp-content\/uploads\/2020\/10\/Bild-von-Peggy-und-Marco-Lachmann-Anke-auf-Pixabay-Tablet-Display-1889065-300x300.jpg 300w, https:\/\/ponten-weber.de\/wp-content\/uploads\/2020\/10\/Bild-von-Peggy-und-Marco-Lachmann-Anke-auf-Pixabay-Tablet-Display-1889065-scaled-100x100.jpg 100w, https:\/\/ponten-weber.de\/wp-content\/uploads\/2020\/10\/Bild-von-Peggy-und-Marco-Lachmann-Anke-auf-Pixabay-Tablet-Display-1889065-scaled-600x600.jpg 600w, https:\/\/ponten-weber.de\/wp-content\/uploads\/2020\/10\/Bild-von-Peggy-und-Marco-Lachmann-Anke-auf-Pixabay-Tablet-Display-1889065-150x150.jpg 150w, https:\/\/ponten-weber.de\/wp-content\/uploads\/2020\/10\/Bild-von-Peggy-und-Marco-Lachmann-Anke-auf-Pixabay-Tablet-Display-1889065-768x768.jpg 768w, https:\/\/ponten-weber.de\/wp-content\/uploads\/2020\/10\/Bild-von-Peggy-und-Marco-Lachmann-Anke-auf-Pixabay-Tablet-Display-1889065-1536x1536.jpg 1536w, https:\/\/ponten-weber.de\/wp-content\/uploads\/2020\/10\/Bild-von-Peggy-und-Marco-Lachmann-Anke-auf-Pixabay-Tablet-Display-1889065-2048x2048.jpg 2048w\" sizes=\"(max-width: 276px) 100vw, 276px\" \/><\/figure><\/div>\n\n\n\n<p>Von uns erhalten Sie daher nicht unbedingt die Empfehlung des g\u00fcnstigsten Produkts, aber die Empfehlung des preiswertesten Produkts. Wir setzen dabei auf Hersteller, die nach unserer Erfahrung im jeweiligen Produktsegment seit Jahren qualitativ gute, zuverl\u00e4ssige und im Design funktionale L\u00f6sungen anbieten.<\/p>\n\n\n\n<p>Im Endeffekt ist Informationstechnik auch nichts anderes als Handwerk. Und nur weil Gips billiger ist als Beton, w\u00fcrden sie daraus keine Zimmerdecke gie\u00dfen wollen. Beratung und Erfahrung ist auch hier wichtig.<\/p>\n<div class=\"shariff\"><ul class=\"shariff-buttons theme-default orientation-horizontal buttonsize-medium\"><li class=\"shariff-button mastodon shariff-nocustomcolor\" style=\"background-color:#563ACC\"><a href=\"https:\/\/s2f.kytta.dev\/?text=Produkte https%3A%2F%2Fponten-weber.de%2F%3Fpage_id%3D358\" title=\"Bei Mastodon teilen\" aria-label=\"Bei Mastodon teilen\" role=\"button\" rel=\"noopener nofollow\" class=\"shariff-link\" style=\"; background-color:#6364FF; color:#fff\" target=\"_blank\"><span class=\"shariff-icon\" style=\"\"><svg width=\"75\" height=\"79\" viewBox=\"0 0 75 79\" fill=\"none\" xmlns=\"http:\/\/www.w3.org\/2000\/svg\"><path d=\"M37.813-.025C32.462-.058 27.114.13 21.79.598c-8.544.621-17.214 5.58-20.203 13.931C-1.12 23.318.408 32.622.465 41.65c.375 7.316.943 14.78 3.392 21.73 4.365 9.465 14.781 14.537 24.782 15.385 7.64.698 15.761-.213 22.517-4.026a54.1 54.1 0 0 0 .01-6.232c-6.855 1.316-14.101 2.609-21.049 1.074-3.883-.88-6.876-4.237-7.25-8.215-1.53-3.988 3.78-.43 5.584-.883 9.048 1.224 18.282.776 27.303-.462 7.044-.837 14.26-4.788 16.65-11.833 2.263-6.135 1.215-12.79 1.698-19.177.06-3.84.09-7.692-.262-11.52C72.596 7.844 63.223.981 53.834.684a219.453 219.453 0 0 0-16.022-.71zm11.294 12.882c5.5-.067 10.801 4.143 11.67 9.653.338 1.48.471 3 .471 4.515v21.088h-8.357c-.07-7.588.153-15.182-.131-22.765-.587-4.368-7.04-5.747-9.672-2.397-2.422 3.04-1.47 7.155-1.67 10.735v6.392h-8.307c-.146-4.996.359-10.045-.404-15.002-1.108-4.218-7.809-5.565-10.094-1.666-1.685 3.046-.712 6.634-.976 9.936v14.767h-8.354c.109-8.165-.238-16.344.215-24.5.674-5.346 5.095-10.389 10.676-10.627 4.902-.739 10.103 2.038 12.053 6.631.375 1.435 1.76 1.932 1.994.084 1.844-3.704 5.501-6.739 9.785-6.771.367-.044.735-.068 1.101-.073z\"\/><defs><linearGradient id=\"paint0_linear_549_34\" x1=\"37.0692\" y1=\"0\" x2=\"37.0692\" y2=\"79\" gradientUnits=\"userSpaceOnUse\"><stop stop-color=\"#6364FF\"\/><stop offset=\"1\" stop-color=\"#563ACC\"\/><\/linearGradient><\/defs><\/svg><\/span><span class=\"shariff-text\">teilen<\/span>&nbsp;<\/a><\/li><li class=\"shariff-button facebook shariff-nocustomcolor\" style=\"background-color:#4273c8\"><a href=\"https:\/\/www.facebook.com\/sharer\/sharer.php?u=https%3A%2F%2Fponten-weber.de%2F%3Fpage_id%3D358\" title=\"Bei Facebook teilen\" aria-label=\"Bei Facebook teilen\" role=\"button\" rel=\"nofollow\" class=\"shariff-link\" style=\"; background-color:#3b5998; color:#fff\" target=\"_blank\"><span class=\"shariff-icon\" style=\"\"><svg width=\"32px\" height=\"20px\" xmlns=\"http:\/\/www.w3.org\/2000\/svg\" viewBox=\"0 0 18 32\"><path fill=\"#3b5998\" d=\"M17.1 0.2v4.7h-2.8q-1.5 0-2.1 0.6t-0.5 1.9v3.4h5.2l-0.7 5.3h-4.5v13.6h-5.5v-13.6h-4.5v-5.3h4.5v-3.9q0-3.3 1.9-5.2t5-1.8q2.6 0 4.1 0.2z\"\/><\/svg><\/span><span class=\"shariff-text\">teilen<\/span>&nbsp;<\/a><\/li><li class=\"shariff-button linkedin shariff-nocustomcolor\" style=\"background-color:#1488bf\"><a href=\"https:\/\/www.linkedin.com\/sharing\/share-offsite\/?url=https%3A%2F%2Fponten-weber.de%2F%3Fpage_id%3D358\" title=\"Bei LinkedIn teilen\" aria-label=\"Bei LinkedIn teilen\" role=\"button\" rel=\"noopener nofollow\" class=\"shariff-link\" style=\"; background-color:#0077b5; color:#fff\" target=\"_blank\"><span class=\"shariff-icon\" style=\"\"><svg width=\"32px\" height=\"20px\" xmlns=\"http:\/\/www.w3.org\/2000\/svg\" viewBox=\"0 0 27 32\"><path fill=\"#0077b5\" d=\"M6.2 11.2v17.7h-5.9v-17.7h5.9zM6.6 5.7q0 1.3-0.9 2.2t-2.4 0.9h0q-1.5 0-2.4-0.9t-0.9-2.2 0.9-2.2 2.4-0.9 2.4 0.9 0.9 2.2zM27.4 18.7v10.1h-5.9v-9.5q0-1.9-0.7-2.9t-2.3-1.1q-1.1 0-1.9 0.6t-1.2 1.5q-0.2 0.5-0.2 1.4v9.9h-5.9q0-7.1 0-11.6t0-5.3l0-0.9h5.9v2.6h0q0.4-0.6 0.7-1t1-0.9 1.6-0.8 2-0.3q3 0 4.9 2t1.9 6z\"\/><\/svg><\/span><span class=\"shariff-text\">teilen<\/span>&nbsp;<\/a><\/li><li class=\"shariff-button info shariff-nocustomcolor\" style=\"background-color:#eee\"><a href=\"http:\/\/ct.de\/-2467514\" title=\"Weitere Informationen\" aria-label=\"Weitere Informationen\" role=\"button\" rel=\"noopener \" class=\"shariff-link\" style=\"; background-color:#fff; color:#fff\" target=\"_blank\"><span class=\"shariff-icon\" style=\"\"><svg width=\"32px\" height=\"20px\" xmlns=\"http:\/\/www.w3.org\/2000\/svg\" viewBox=\"0 0 11 32\"><path fill=\"#999\" d=\"M11.4 24v2.3q0 0.5-0.3 0.8t-0.8 0.4h-9.1q-0.5 0-0.8-0.4t-0.4-0.8v-2.3q0-0.5 0.4-0.8t0.8-0.4h1.1v-6.8h-1.1q-0.5 0-0.8-0.4t-0.4-0.8v-2.3q0-0.5 0.4-0.8t0.8-0.4h6.8q0.5 0 0.8 0.4t0.4 0.8v10.3h1.1q0.5 0 0.8 0.4t0.3 0.8zM9.2 3.4v3.4q0 0.5-0.4 0.8t-0.8 0.4h-4.6q-0.4 0-0.8-0.4t-0.4-0.8v-3.4q0-0.4 0.4-0.8t0.8-0.4h4.6q0.5 0 0.8 0.4t0.4 0.8z\"\/><\/svg><\/span><\/a><\/li><\/ul><\/div>","protected":false},"excerpt":{"rendered":"<p>Hardware \u00b7 Server, PCs, Notebooks, Monitore, Tablets, Mobiltelefone, Drucker und Zubeh\u00f6r Der Zugriff auf Produkte im IT-Bereich ist dank zahlloser[&#8230;]<\/p>\n","protected":false},"author":1,"featured_media":368,"parent":0,"menu_order":0,"comment_status":"closed","ping_status":"closed","template":"","meta":{"footnotes":""},"_links":{"self":[{"href":"https:\/\/ponten-weber.de\/index.php?rest_route=\/wp\/v2\/pages\/358"}],"collection":[{"href":"https:\/\/ponten-weber.de\/index.php?rest_route=\/wp\/v2\/pages"}],"about":[{"href":"https:\/\/ponten-weber.de\/index.php?rest_route=\/wp\/v2\/types\/page"}],"author":[{"embeddable":true,"href":"https:\/\/ponten-weber.de\/index.php?rest_route=\/wp\/v2\/users\/1"}],"replies":[{"embeddable":true,"href":"https:\/\/ponten-weber.de\/index.php?rest_route=%2Fwp%2Fv2%2Fcomments&post=358"}],"version-history":[{"count":4,"href":"https:\/\/ponten-weber.de\/index.php?rest_route=\/wp\/v2\/pages\/358\/revisions"}],"predecessor-version":[{"id":397,"href":"https:\/\/ponten-weber.de\/index.php?rest_route=\/wp\/v2\/pages\/358\/revisions\/397"}],"wp:featuredmedia":[{"embeddable":true,"href":"https:\/\/ponten-weber.de\/index.php?rest_route=\/wp\/v2\/media\/368"}],"wp:attachment":[{"href":"https:\/\/ponten-weber.de\/index.php?rest_route=%2Fwp%2Fv2%2Fmedia&parent=358"}],"curies":[{"name":"wp","href":"https:\/\/api.w.org\/{rel}","templated":true}]}}