{"id":40,"date":"2020-09-30T12:16:01","date_gmt":"2020-09-30T12:16:01","guid":{"rendered":"https:\/\/relaunch.ponten-weber.de\/?page_id=40"},"modified":"2020-10-30T18:07:29","modified_gmt":"2020-10-30T16:07:29","slug":"partner","status":"publish","type":"page","link":"https:\/\/ponten-weber.de\/?page_id=40","title":{"rendered":"Partner"},"content":{"rendered":"\n<p>Wie schon an anderer Stelle erw\u00e4hnt, setzen wir gerne auf Produkte und Partner die unseren eigenen hohen Anspr\u00fcchen gerecht werden. Daher sind wir zum einen <strong>Microsoft Partner<\/strong> und zum anderen <strong>Telekom Deutschland Business Partner<\/strong>. Seit vielen Jahren arbeiten wir mit <strong>ALSO Deutschland<\/strong> als zuverl\u00e4ssigem Distributionspartner zusammen und zertifizierte Sicherheit k\u00f6nnen Sie bei uns durch <strong>United SSL Deutschland<\/strong> erhalten.<\/p>\n\n\n\n<div class=\"wp-block-columns is-layout-flex wp-container-core-columns-layout-1 wp-block-columns-is-layout-flex\">\n<div class=\"wp-block-column is-layout-flow wp-block-column-is-layout-flow\" style=\"flex-basis:33.33%\">\n<div class=\"wp-block-image\"><figure class=\"alignleft size-large\"><img loading=\"lazy\" decoding=\"async\" width=\"660\" height=\"433\" src=\"https:\/\/ponten-weber.de\/wp-content\/uploads\/2020\/10\/MicrosoftPartnerTwoLineLogo-1.png\" alt=\"\" class=\"wp-image-425\" srcset=\"https:\/\/ponten-weber.de\/wp-content\/uploads\/2020\/10\/MicrosoftPartnerTwoLineLogo-1.png 660w, https:\/\/ponten-weber.de\/wp-content\/uploads\/2020\/10\/MicrosoftPartnerTwoLineLogo-1-600x394.png 600w, https:\/\/ponten-weber.de\/wp-content\/uploads\/2020\/10\/MicrosoftPartnerTwoLineLogo-1-300x197.png 300w, https:\/\/ponten-weber.de\/wp-content\/uploads\/2020\/10\/MicrosoftPartnerTwoLineLogo-1-120x80.png 120w\" sizes=\"(max-width: 660px) 100vw, 660px\" \/><\/figure><\/div>\n<\/div>\n\n\n\n<div class=\"wp-block-column is-layout-flow wp-block-column-is-layout-flow\" style=\"flex-basis:66.66%\">\n<h4 class=\"wp-block-heading\">Microsoft<\/h4>\n\n\n\n<p>Durch unsere Microsoft Partnerschaft haben Sie die M\u00f6glichkeit von uns direkt <a rel=\"noreferrer noopener\" href=\"https:\/\/www.microsoft.com\/de-de\/\" target=\"_blank\">alle Microsoft L\u00f6sungen und Produkte<\/a> zu beziehen. Dies beinhaltet ganz besonders L\u00f6sungen wie Microsoft 365 (<em>fr\u00fcher Office 365<\/em>), Microsoft Exchange Pl\u00e4ne f\u00fcr verschieden gro\u00dfe Organisationen, Videokonferenz\/ Telefonie-L\u00f6sung Microsoft Teams, Microsoft Azure Cloud L\u00f6sungen und vieles mehr.<\/p>\n<\/div>\n<\/div>\n\n\n\n<div class=\"wp-block-columns is-layout-flex wp-container-core-columns-layout-2 wp-block-columns-is-layout-flex\">\n<div class=\"wp-block-column is-layout-flow wp-block-column-is-layout-flow\" style=\"flex-basis:66.66%\">\n<h4 class=\"wp-block-heading\">Telekom Deutschland<\/h4>\n\n\n\n<p>Als <a rel=\"noreferrer noopener\" href=\"https:\/\/geschaeftskunden.telekom.de\/\" data-type=\"URL\" data-id=\"https:\/\/geschaeftskunden.telekom.de\/\" target=\"_blank\">Telekom Deutschland Business Partner<\/a> sind wir seit fast 10 Jahren in der Lage, mit Schwerpunkt auf dem Mobilfunkbereich, das Leistungs- und Produkt-Portfolio von T-Mobile anzubieten.<\/p>\n\n\n\n<p>Dies beinhaltet Mobilfunkvertr\u00e4ge in attraktiven Rahmenvertr\u00e4gen, Endger\u00e4te und Zubeh\u00f6r.<\/p>\n<\/div>\n\n\n\n<div class=\"wp-block-column is-layout-flow wp-block-column-is-layout-flow\" style=\"flex-basis:33.33%\">\n<div class=\"wp-block-image\"><figure class=\"alignright size-large is-resized\"><img loading=\"lazy\" decoding=\"async\" src=\"https:\/\/ponten-weber.de\/wp-content\/uploads\/2020\/10\/telekompartnerlogo-1.png\" alt=\"\" class=\"wp-image-424\" width=\"139\" height=\"139\" srcset=\"https:\/\/ponten-weber.de\/wp-content\/uploads\/2020\/10\/telekompartnerlogo-1.png 225w, https:\/\/ponten-weber.de\/wp-content\/uploads\/2020\/10\/telekompartnerlogo-1-100x100.png 100w, https:\/\/ponten-weber.de\/wp-content\/uploads\/2020\/10\/telekompartnerlogo-1-150x150.png 150w\" sizes=\"(max-width: 139px) 100vw, 139px\" \/><\/figure><\/div>\n<\/div>\n<\/div>\n\n\n\n<div class=\"wp-block-columns is-layout-flex wp-container-core-columns-layout-3 wp-block-columns-is-layout-flex\">\n<div class=\"wp-block-column is-layout-flow wp-block-column-is-layout-flow\" style=\"flex-basis:66.66%\">\n<h4 class=\"wp-block-heading\">ALSO Deutschland<\/h4>\n\n\n\n<p>ALSO Deutschland ist unser regul\u00e4rer Distributionspartner. <\/p>\n\n\n\n<p>Von hier beziehen wir Hard- und Software, sowie Zubeh\u00f6rprodukte f\u00fcr den t\u00e4glichen Bedarf genauso, wie speziell, ma\u00dfgeschneiderte Server- oder Storage-Attached-Network L\u00f6sungen, f\u00fcr das Rechenzentrum.<\/p>\n<\/div>\n\n\n\n<div class=\"wp-block-column is-layout-flow wp-block-column-is-layout-flow\" style=\"flex-basis:33.33%\">\n<figure class=\"wp-block-image size-large\"><img loading=\"lazy\" decoding=\"async\" width=\"1024\" height=\"751\" src=\"https:\/\/ponten-weber.de\/wp-content\/uploads\/2020\/10\/also-logo-1-1024x751.jpg\" alt=\"\" class=\"wp-image-429\" srcset=\"https:\/\/ponten-weber.de\/wp-content\/uploads\/2020\/10\/also-logo-1-1024x751.jpg 1024w, https:\/\/ponten-weber.de\/wp-content\/uploads\/2020\/10\/also-logo-1-600x440.jpg 600w, https:\/\/ponten-weber.de\/wp-content\/uploads\/2020\/10\/also-logo-1-300x220.jpg 300w, https:\/\/ponten-weber.de\/wp-content\/uploads\/2020\/10\/also-logo-1-768x563.jpg 768w, https:\/\/ponten-weber.de\/wp-content\/uploads\/2020\/10\/also-logo-1-90x65.jpg 90w, https:\/\/ponten-weber.de\/wp-content\/uploads\/2020\/10\/also-logo-1.jpg 1500w\" sizes=\"(max-width: 1024px) 100vw, 1024px\" \/><\/figure>\n<\/div>\n<\/div>\n\n\n\n<div class=\"wp-block-columns is-layout-flex wp-container-core-columns-layout-4 wp-block-columns-is-layout-flex\">\n<div class=\"wp-block-column is-layout-flow wp-block-column-is-layout-flow\" style=\"flex-basis:33.33%\">\n<figure class=\"wp-block-image size-large is-resized\"><img loading=\"lazy\" decoding=\"async\" src=\"https:\/\/ponten-weber.de\/wp-content\/uploads\/2020\/10\/Q8AaaoCZ.png\" alt=\"\" class=\"wp-image-430\" width=\"279\" height=\"88\"\/><\/figure>\n<\/div>\n\n\n\n<div class=\"wp-block-column is-layout-flow wp-block-column-is-layout-flow\" style=\"flex-basis:66.66%\">\n<h4 class=\"wp-block-heading\">United SSL Deutschland<\/h4>\n\n\n\n<p>Eine besondere Dienstleistung erbringen wir gemeinsam mit unserem Partner <strong>United SSL Deutschland<\/strong>: Die Transport Layer Security &nbsp;(TLS,&nbsp;<em>englisch<\/em>&nbsp;f\u00fcr&nbsp;<em>Transportschichtsicherheit<\/em>) sorgt f\u00fcr eine verschl\u00fcsselte \u00dcbertragung von Daten im Internet. TLS ist der Nachfolger von SSL und wird beispielsweise von Browsern f\u00fcr sichere HTTPS-Verbindungen verwendet. Jede seri\u00f6se Internetseite- oder Anwendung sollte heute \u00fcber eine solche gesicherte Verbindung verf\u00fcgen. Zertifikate daf\u00fcr k\u00f6nnen Sie bei uns erwerben, United SSL vertreibt diese nur \u00fcber Fachh\u00e4ndler.<\/p>\n<\/div>\n<\/div>\n\n\n\n<p><\/p>\n","protected":false},"excerpt":{"rendered":"<p>Wie schon an anderer Stelle erw\u00e4hnt, setzen wir gerne auf Produkte und Partner die unseren eigenen hohen Anspr\u00fcchen gerecht werden.[&#8230;]<\/p>\n","protected":false},"author":1,"featured_media":0,"parent":0,"menu_order":0,"comment_status":"closed","ping_status":"closed","template":"","meta":{"footnotes":""},"_links":{"self":[{"href":"https:\/\/ponten-weber.de\/index.php?rest_route=\/wp\/v2\/pages\/40"}],"collection":[{"href":"https:\/\/ponten-weber.de\/index.php?rest_route=\/wp\/v2\/pages"}],"about":[{"href":"https:\/\/ponten-weber.de\/index.php?rest_route=\/wp\/v2\/types\/page"}],"author":[{"embeddable":true,"href":"https:\/\/ponten-weber.de\/index.php?rest_route=\/wp\/v2\/users\/1"}],"replies":[{"embeddable":true,"href":"https:\/\/ponten-weber.de\/index.php?rest_route=%2Fwp%2Fv2%2Fcomments&post=40"}],"version-history":[{"count":8,"href":"https:\/\/ponten-weber.de\/index.php?rest_route=\/wp\/v2\/pages\/40\/revisions"}],"predecessor-version":[{"id":434,"href":"https:\/\/ponten-weber.de\/index.php?rest_route=\/wp\/v2\/pages\/40\/revisions\/434"}],"wp:attachment":[{"href":"https:\/\/ponten-weber.de\/index.php?rest_route=%2Fwp%2Fv2%2Fmedia&parent=40"}],"curies":[{"name":"wp","href":"https:\/\/api.w.org\/{rel}","templated":true}]}}