{"id":42,"date":"2020-09-30T12:16:01","date_gmt":"2020-09-30T12:16:01","guid":{"rendered":"https:\/\/relaunch.ponten-weber.de\/?page_id=42"},"modified":"2023-12-23T14:40:38","modified_gmt":"2023-12-23T13:40:38","slug":"impressum","status":"publish","type":"page","link":"https:\/\/ponten-weber.de\/?page_id=42","title":{"rendered":"Impressum"},"content":{"rendered":"\n<h4 class=\"wp-block-heading\">Diensteanbieter<\/h4>\n\n\n\n<p>Ponten &amp; Weber InformationsTechnik und Mediendienste <br>(Daniel Ponten &amp; Aleksander Weber GbR)<br><br>Von-Sahr-Stra\u00dfe 1 \u00b7 47918 T\u00f6nisvorst<br>Telefon:&nbsp;<a rel=\"noreferrer noopener\" href=\"tel:+4921517478270\" target=\"_blank\">02151-74782 \u2013 70<\/a><br>E-Mail:&nbsp;<a href=\"mailto:info@ponten-weber.de\">info@ponten-weber.de<\/a><\/p>\n\n\n\n<h4 class=\"wp-block-heading\" id=\"block-30005d8c-dc3d-4980-a665-9598637b1635\">Vertretungsberechtigte<\/h4>\n\n\n\n<p>Daniel Ponten (Gesch\u00e4ftsf\u00fchrender Gesellschafter)<br>Aleksander Weber (Gesch\u00e4ftsf\u00fchrender Gesellschafter)<\/p>\n\n\n\n<h4 class=\"wp-block-heading\">Angaben zum Unternehmen<\/h4>\n\n\n\n<p>Umsatzsteuer Identifikationsnummer (USt-ID):&nbsp;DE264124446<br><a href=\"https:\/\/ponten-weber.de\/?page_id=44\" data-type=\"page\" data-id=\"44\" target=\"_blank\" rel=\"noreferrer noopener\">Allgemeine Gesch\u00e4ftsbedingungen<\/a><\/p>\n\n\n\n<h4 class=\"wp-block-heading\">Redaktionelle Angaben<\/h4>\n\n\n\n<p>Inhaltlich verantwortlich:<br>Daniel Ponten, Aleksander Weber<\/p>\n\n\n\n<h4 class=\"wp-block-heading\"><strong>Aufsichtsbeh\u00f6rde<\/strong><\/h4>\n\n\n\n<p><strong>Stadt T\u00f6nisvorst<\/strong><br>Der B\u00fcrgermeister<br>Gewerbeamt<br>Bahnstra\u00dfe 15 \u00b7 47918 T\u00f6nisvorst<br><br><strong>Website:<\/strong>&nbsp;<a href=\"http:\/\/www.toenisvorst.de\" data-type=\"URL\" data-id=\"www.toenisvorst.de\" target=\"_blank\" rel=\"noreferrer noopener\">www.toenisvorst.de<\/a><\/p>\n\n\n\n<h4 class=\"wp-block-heading\" id=\"m174\">Online-Streitbeilegung (OS)<\/h4>\n\n\n\n<p>Online-Streitbeilegung: Die Europ\u00e4ische Kommission stellt eine Plattform zur Online-Streitbeilegung (OS) bereit, die Sie unter&nbsp;<a href=\"https:\/\/ec.europa.eu\/consumers\/odr\/\" target=\"_blank\" rel=\"noreferrer noopener\">https:\/\/ec.europa.eu\/consumers\/odr\/<\/a>&nbsp;finden. Verbraucher haben die M\u00f6glichkeit, diese Plattform f\u00fcr die Beilegung ihrer Streitigkeiten zu nutzen.<\/p>\n\n\n\n<h4 class=\"wp-block-heading\" id=\"m172\">Social Media und andere Onlinepr\u00e4senzen<\/h4>\n\n\n\n<p><strong>Dieses Impressum gilt auch f\u00fcr die folgenden Social-Media-Pr\u00e4senzen und Onlineprofile:<\/strong><\/p>\n\n\n\n<ul>\n<li><a href=\"https:\/\/www.facebook.com\/PontenWeber\/\" target=\"_blank\" rel=\"noreferrer noopener\">https:\/\/www.facebook.com\/PontenWeber\/<\/a><\/li>\n\n\n\n<li><a href=\"https:\/\/twitter.com\/PontenWeber\/\" target=\"_blank\" rel=\"noreferrer noopener\">https:\/\/twitter.com\/PontenWeber\/<\/a><\/li>\n\n\n\n<li><a href=\"https:\/\/instagram.com\/PontenWeber\" target=\"_blank\" rel=\"noreferrer noopener\">https:\/\/instagram.com\/PontenWeber<\/a><\/li>\n<\/ul>\n\n\n\n<h4 class=\"wp-block-heading\" id=\"m65\">Haftungs- und Schutzrechtshinweise<\/h4>\n\n\n<div class=\"wp-block-image\">\n<figure class=\"alignright size-large is-resized\"><img loading=\"lazy\" decoding=\"async\" width=\"300\" height=\"400\" src=\"https:\/\/ponten-weber.de\/wp-content\/uploads\/2020\/12\/boy_personal.gif\" alt=\"\" class=\"wp-image-575\" style=\"width:225px;height:300px\"\/><\/figure><\/div>\n\n\n<p><strong>Haftungsausschluss<\/strong>: Die Inhalte dieses Onlineangebotes wurden sorgf\u00e4ltig und nach unserem aktuellen Kenntnisstand erstellt, dienen jedoch nur der Information und entfalten keine rechtlich bindende Wirkung, sofern es sich nicht um gesetzlich verpflichtende Informationen (z.B. das Impressum, die Datenschutzerkl\u00e4rung, AGB oder verpflichtende Belehrungen von Verbrauchern) handelt. Wir behalten uns vor, die Inhalte vollst\u00e4ndig oder teilweise zu \u00e4ndern oder zu l\u00f6schen, soweit vertragliche Verpflichtungen unber\u00fchrt bleiben. Alle Angebote sind freibleibend und unverbindlich.<\/p>\n\n\n\n<p><strong>Links auf fremde Webseiten<\/strong>: Inhalte fremder Webseiten, auf die wir direkt oder indirekt verweisen, liegen au\u00dferhalb unseres Verantwortungsbereiches und machen wir uns nicht zu Eigen. F\u00fcr alle Inhalte und insbesondere f\u00fcr Sch\u00e4den, die aus der Nutzung der in den verlinkten Webseiten aufrufbaren Informationen entstehen, haftet allein der Anbieter der verlinkten Webseiten.<\/p>\n\n\n\n<p><strong>Urheberrechte und Markenrechte<\/strong>: Alle auf dieser Website dargestellten Inhalte, wie Texte, Fotografien, Grafiken, Marken und Warenzeichen sind durch die jeweiligen Schutzrechte (Urheberrechte, Markenrechte) gesch\u00fctzt. Die Verwendung, Vervielf\u00e4ltigung usw. unterliegen unseren Rechten oder den Rechten der jeweiligen Urheber bzw. Rechteverwalter.<\/p>\n\n\n\n<p><strong>Hinweise auf Rechtsverst\u00f6\u00dfe<\/strong>: Sollten Sie innerhalb unseres Internetauftritts Rechtsverst\u00f6\u00dfe bemerken, bitten wir Sie uns auf diese hinzuweisen. Wir werden rechtswidrige Inhalte und Links nach Kenntnisnahme unverz\u00fcglich entfernen.<\/p>\n\n\n\n<h4 class=\"wp-block-heading\" id=\"m169\">Bildnachweise<\/h4>\n\n\n\n<p><strong>Bildquellen und Urheberrechtshinweise:<\/strong><\/p>\n\n\n\n<p>Daniel Ponten, Aleksander Weber, Fotolia LLC New York, Ioannis Kounadeas, Bejhan Jusufi, Photography BYMK, rolffimages, Agentur ArtmannWitte, Nomad Soul, Bertold Werkmann, Hans-Peter Reichartz, Joshua Wilson, Photo Mix, Tran Mau Tri Tam, Free Photos, Michal Jarmoluk, Moritz D., StartUp StockPhotos, William Iven, Wynn Pointaux, Herrmann &amp; Richter, Rudy und Peter Skitterians, Chaitawat Pawapoowadon, Lucas Photography, Mohamed Hassan, Signify (Philips Hue), Piro4D, Colossus Cloud, Edgar Oliver, Thomas Ulrich, USA Reiseblogger, geneART, OpenClipartVectors, Lynette Coulston, monicore, Pixabay GmbH<\/p>\n\n\n\n<h4 class=\"wp-block-heading\">Geltung von Nutzungsbedingungen<\/h4>\n\n\n\n<p>Der Haftungsausschluss und die Nutzungsbedingungen sind als Teil des Internetangebotes der Ponten &amp; Weber GbR zu betrachten. Sofern Teile oder einzelne Formulierungen dieses Textes der geltenden Rechtslage nicht, nicht mehr oder nicht vollst\u00e4ndig entsprechen sollten, bleiben die \u00fcbrigen Teile des Dokumentes in ihrem Inhalt und ihrer G\u00fcltigkeit davon unber\u00fchrt.<\/p>\n\n\n\n<p><strong>F\u00fcr weitere Informationen lesen Sie bitte die&nbsp;<a href=\"https:\/\/ponten-weber.de\/?page_id=43\" data-type=\"page\" data-id=\"43\">Hinweise zum Datenschutz und zur Datenverarbeitung<\/a>.<\/strong><\/p>\n\n\n\n<p>Copyright by Ponten &amp; Weber InformationsTechnik und Mediendienste GbR \u00a9 2009-2024<\/p>\n","protected":false},"excerpt":{"rendered":"<p>Diensteanbieter Ponten &amp; Weber InformationsTechnik und Mediendienste (Daniel Ponten &amp; Aleksander Weber GbR) Von-Sahr-Stra\u00dfe 1 \u00b7 47918 T\u00f6nisvorstTelefon:&nbsp;02151-74782 \u2013 70E-Mail:&nbsp;info@ponten-weber.de[&#8230;]<\/p>\n","protected":false},"author":1,"featured_media":0,"parent":0,"menu_order":0,"comment_status":"closed","ping_status":"closed","template":"","meta":{"footnotes":""},"_links":{"self":[{"href":"https:\/\/ponten-weber.de\/index.php?rest_route=\/wp\/v2\/pages\/42"}],"collection":[{"href":"https:\/\/ponten-weber.de\/index.php?rest_route=\/wp\/v2\/pages"}],"about":[{"href":"https:\/\/ponten-weber.de\/index.php?rest_route=\/wp\/v2\/types\/page"}],"author":[{"embeddable":true,"href":"https:\/\/ponten-weber.de\/index.php?rest_route=\/wp\/v2\/users\/1"}],"replies":[{"embeddable":true,"href":"https:\/\/ponten-weber.de\/index.php?rest_route=%2Fwp%2Fv2%2Fcomments&post=42"}],"version-history":[{"count":16,"href":"https:\/\/ponten-weber.de\/index.php?rest_route=\/wp\/v2\/pages\/42\/revisions"}],"predecessor-version":[{"id":756,"href":"https:\/\/ponten-weber.de\/index.php?rest_route=\/wp\/v2\/pages\/42\/revisions\/756"}],"wp:attachment":[{"href":"https:\/\/ponten-weber.de\/index.php?rest_route=%2Fwp%2Fv2%2Fmedia&parent=42"}],"curies":[{"name":"wp","href":"https:\/\/api.w.org\/{rel}","templated":true}]}}